{"id":2039,"date":"2008-01-31T23:44:44","date_gmt":"2008-01-31T23:44:44","guid":{"rendered":"http:\/\/www.cna.org.ar\/?page_id=2039"},"modified":"2008-01-31T23:44:44","modified_gmt":"2008-01-31T23:44:44","slug":"about","status":"publish","type":"page","link":"https:\/\/cna.org.ar\/index.php\/about\/","title":{"rendered":"Institucional"},"content":{"rendered":"<p>El Consejo Nacional Armenio de Sudam\u00e9rica es una organizaci\u00f3n responsable de elaborar estrategias y programas de acci\u00f3n tendientes a promover y difundir la Cuesti\u00f3n Armenia, ante los diferentes organismos oficiales, organizaciones no gubernamentales y la opini\u00f3n p\u00fablica, bregando por el respeto a los derechos humanos y a la consolidaci\u00f3n del Estado armenio basado en principios democr\u00e1ticos y republicanos.<\/p>\n<p>Ante la nueva realidad que vive la Naci\u00f3n armenia, tanto en la Madre Patria como en la di\u00e1spora, el CNA ha realizado un profundo replanteo promoviendo cambios estrat\u00e9gicos en los diferentes estamentos pol\u00ed\u00adticos y sociales en los cuales se desarrolla en todo el mundo.<\/p>\n<p>Si bien las reivindicaciones hist\u00f3ricas (por ejemplo, el reconocimiento internacional del Genocidio perpetrado por el Estado turco contra el pueblo armenio entre 1915 y 1923) son un legado inclaudicable en los objetivos del CNA, consecuentemente con su visi\u00f3n pol\u00ed\u00adtica e ideol\u00f3gica, ha asumido compromisos de lucha que le permiten dar un sentido m\u00e1s amplio y coherente a su campo de acci\u00f3n.<\/p>\n<p>Desde la di\u00e1spora, durante 70 a\u00f1os, el CNA fue un fiel representante de los intereses del pueblo armenio fuera de Armenia. Tras la independencia de 1991, el CNA es uno de los soportes estrat\u00e9gicos de la pol\u00ed\u00adtica exterior de Erevan, en aquellos temas considerados de inter\u00e9s nacional, trabajando de esa manera en el fortalecimiento del Estado armenio.<\/p>\n<p>Pero al mismo tiempo una nueva realidad enfrenta el destino de las comunidades armenias de todo el mundo. Lejos de la Madre Patria y con generaciones formadas en \u00e1mbitos y en condiciones diferentes a las de anta\u00f1o, las necesidades de encontrar nuevos roles y objetivos colectivos impusieron un compromiso pol\u00ed\u00adtico bidireccional en los distintos escenarios (pa\u00ed\u00adses, foros nacionales e internacionales, organismos, etc.) donde se desarrolla.<\/p>\n<p>A nivel parlamentario tambi\u00e9n, desde 1965 es promotor de decenas de proyectos de Declaraci\u00f3n y de Resoluci\u00f3n vinculados a la cuesti\u00f3n del Genocidio, las reivindicaciones armenias en Nagorno Karabagh, la consolidaci\u00f3n del Estado armenio independiente, etc., tanto en la Argentina, Uruguay como en Brasil (en especial en el Estado de Sao Paulo).<\/p>\n<p>En 1995 el Consejo Nacional Armenio promovi\u00f3 la sanci\u00f3n de una Ley Nacional que declaraba el 24 de Abril \u00abD\u00ed\u00ada de Lucha y Repudio contra la Discriminaci\u00f3n del Hombre por el Hombre\u00bb\u009d en homenaje a todos los seres humanos v\u00ed\u00adctimas de la discriminaci\u00f3n y la intolerancia. Esta ley si bien fue sancionada por unanimidad en el parlamento fue vetada por el entonces Presidente de la Naci\u00f3n.<\/p>\n<p>Sin duda la conmemoraci\u00f3n del 91\u00b0 Aniversario del Genocidio Armenio quedar\u00e1 como uno de los momentos m\u00e1s relevantes, no s\u00f3lo por lo que significa la fecha sino por que marc\u00f3 el compromiso de los distintos bloques del Congreso Nacional para una futura Ley de reconocimiento del Genocidio Armenio.<\/p>\n<p>En el acto realizado en el Sal\u00f3n de los Pasos Perdidos del Congreso de la Naci\u00f3n para esa ocasi\u00f3n, los Se\u00f1ores Diputados Nacionales <em>Hermes Binner (Partido Socialista), Federico Storani (Uni\u00f3n C\u00ed\u00advica Radical), Federico Pinedo (PRO), Carlos Raimundi (ARI) y Rafael Bielsa (Frente para la Victoria)<\/em> expresaron su solidaridad con la lucha del pueblo armenio y la necesidad de reconocer el Genocidio Armenio<\/p>\n<p>El compromiso asumido en este acto por los legisladores, tuvo su concreci\u00f3n en la presentaci\u00f3n del proyecto de ley, impulsado por dichos diputados, que declara el<strong> 24 DE ABRIL \u00abD\u00cd\u008dA DE ACCI\u00d3N POR LA TOLERANCIA Y EL RESPETO ENTRE LOS PUEBLOS\u00bb\u009d EN CONMEMORACI\u00d3N DEL GENOCIDIO SUFRIDO POR EL PUEBLO ARMENIO.<\/strong> (Ley Nacional 26.199 promulgada el 11 de Enero de 2007)<\/p>\n<p>De esta forma la Rep\u00fablica Argentina a trav\u00e9s de una ley nacional, se suma a los reconocimientos internacionales del Genocidio Armenio. En 1985 la Subcomisi\u00f3n de Prevenci\u00f3n de las Discriminaciones y Protecci\u00f3n a las Minor\u00ed\u00adas de Naciones Unidas calific\u00f3 el caso armenio como un genocidio. Uruguay, el Parlamento Europeo, el Parlamento del Mercosur y los de Grecia, Bulgaria, B\u00e9lgica Rusia, Italia, L\u00ed\u00adbano, Suecia, Suiza, Holanda, Venezuela, Lituania, Canad\u00e1 y Francia hicieron propio dicho reconocimiento, as\u00ed\u00ad como tambi\u00e9n el Consejo Mundial de Iglesias y el Tribunal Permanente de los Pueblos.<\/p>\n<p>Para elConsejo Nacional Armenio educar en la memoria es educar en el respeto y en la defensa de los derechos humanos. En ese sentido otro de los objetivosque persigue es promover la inclusi\u00f3n progresiva de la tem\u00e1tica del Genocidio en la ense\u00f1anza; no s\u00f3lo recordando sino pensando en las condiciones que hicieron posible hechos tan aberrantes y salvajes. Abordar el tema desde una visi\u00f3n universal, no como hechos aislados y comunitarios sino descubrir el hilo conductivo que existe entre todos los cr\u00ed\u00admenes de lesa humanidad que han sufrido los hombres, mujeres y ni\u00f1os de este planeta, y que lamentablemente a\u00fan se repiten.<\/p>\n<p>Es por ello que es fundamental trabajar fuerte en la transmisi\u00f3n del pasado, a trav\u00e9s de la memoria para generar conciencia y compromiso con la verdad y la justicia en las nuevas generaciones.<\/p>\n<p>La educaci\u00f3n es el futuro. Para construir ese futuro sin cr\u00ed\u00admenes, sin desigualdades y sin odio, debemos brindarles las herramientas necesarias a los hombres y mujeres del ma\u00f1ana.<\/p>\n<p class=\"MsoNormal\">\n","protected":false},"excerpt":{"rendered":"<p>El Consejo Nacional Armenio de Sudam\u00e9rica es una organizaci\u00f3n responsable de elaborar estrategias y programas de acci\u00f3n tendientes a promover y difundir la Cuesti\u00f3n Armenia, ante los diferentes organismos oficiales, organizaciones no gubernamentales y la opini\u00f3n p\u00fablica, bregando por el respeto a los derechos humanos y a la consolidaci\u00f3n del Estado armenio basado en principios [&hellip;]<\/p>\n","protected":false},"author":1,"featured_media":0,"parent":0,"menu_order":9,"comment_status":"closed","ping_status":"closed","template":"full-width-page.php","meta":{"site-sidebar-layout":"default","site-content-layout":"","ast-site-content-layout":"default","site-content-style":"default","site-sidebar-style":"default","ast-global-header-display":"","ast-banner-title-visibility":"","ast-main-header-display":"","ast-hfb-above-header-display":"","ast-hfb-below-header-display":"","ast-hfb-mobile-header-display":"","site-post-title":"","ast-breadcrumbs-content":"","ast-featured-img":"","footer-sml-layout":"","theme-transparent-header-meta":"","adv-header-id-meta":"","stick-header-meta":"","header-above-stick-meta":"","header-main-stick-meta":"","header-below-stick-meta":"","astra-migrate-meta-layouts":"default","ast-page-background-enabled":"default","ast-page-background-meta":{"desktop":{"background-color":"var(--ast-global-color-4)","background-image":"","background-repeat":"repeat","background-position":"center center","background-size":"auto","background-attachment":"scroll","background-type":"","background-media":"","overlay-type":"","overlay-color":"","overlay-opacity":"","overlay-gradient":""},"tablet":{"background-color":"","background-image":"","background-repeat":"repeat","background-position":"center center","background-size":"auto","background-attachment":"scroll","background-type":"","background-media":"","overlay-type":"","overlay-color":"","overlay-opacity":"","overlay-gradient":""},"mobile":{"background-color":"","background-image":"","background-repeat":"repeat","background-position":"center center","background-size":"auto","background-attachment":"scroll","background-type":"","background-media":"","overlay-type":"","overlay-color":"","overlay-opacity":"","overlay-gradient":""}},"ast-content-background-meta":{"desktop":{"background-color":"var(--ast-global-color-5)","background-image":"","background-repeat":"repeat","background-position":"center center","background-size":"auto","background-attachment":"scroll","background-type":"","background-media":"","overlay-type":"","overlay-color":"","overlay-opacity":"","overlay-gradient":""},"tablet":{"background-color":"var(--ast-global-color-5)","background-image":"","background-repeat":"repeat","background-position":"center center","background-size":"auto","background-attachment":"scroll","background-type":"","background-media":"","overlay-type":"","overlay-color":"","overlay-opacity":"","overlay-gradient":""},"mobile":{"background-color":"var(--ast-global-color-5)","background-image":"","background-repeat":"repeat","background-position":"center center","background-size":"auto","background-attachment":"scroll","background-type":"","background-media":"","overlay-type":"","overlay-color":"","overlay-opacity":"","overlay-gradient":""}},"footnotes":""},"class_list":["post-2039","page","type-page","status-publish","hentry"],"jetpack_sharing_enabled":true,"_links":{"self":[{"href":"https:\/\/cna.org.ar\/index.php\/wp-json\/wp\/v2\/pages\/2039","targetHints":{"allow":["GET"]}}],"collection":[{"href":"https:\/\/cna.org.ar\/index.php\/wp-json\/wp\/v2\/pages"}],"about":[{"href":"https:\/\/cna.org.ar\/index.php\/wp-json\/wp\/v2\/types\/page"}],"author":[{"embeddable":true,"href":"https:\/\/cna.org.ar\/index.php\/wp-json\/wp\/v2\/users\/1"}],"replies":[{"embeddable":true,"href":"https:\/\/cna.org.ar\/index.php\/wp-json\/wp\/v2\/comments?post=2039"}],"version-history":[{"count":0,"href":"https:\/\/cna.org.ar\/index.php\/wp-json\/wp\/v2\/pages\/2039\/revisions"}],"wp:attachment":[{"href":"https:\/\/cna.org.ar\/index.php\/wp-json\/wp\/v2\/media?parent=2039"}],"curies":[{"name":"wp","href":"https:\/\/api.w.org\/{rel}","templated":true}]}}