{"id":281,"date":"2009-01-13T18:13:31","date_gmt":"2009-01-13T21:13:31","guid":{"rendered":"http:\/\/www.cna.org.ar\/?page_id=281"},"modified":"2022-01-17T21:19:03","modified_gmt":"2022-01-17T21:19:03","slug":"como-colaborar","status":"publish","type":"page","link":"https:\/\/cna.org.ar\/index.php\/como-colaborar\/","title":{"rendered":"C\u00f3mo colaborar"},"content":{"rendered":"<p>El Consejo Nacional Armenio agradece a todas aquellas personas, empresas, instituciones que quieran colaborar con su misi\u00f3n.<br \/>A trav\u00e9s de la donaci\u00f3n de fondos usted puede contribuir al sostenimiento de las actividades diarias del Consejo Nacional Armenio.<\/p>\n<p>Si usted est\u00e1 interesado en conocer los proyectos del a\u00f1o 2022, puede obtener mayor informaci\u00f3n comunic\u00e1ndose (+54 11) 4775-7595 o escribiendo un mail a cna@cna.org.ar<\/p>\n\n\n<p><\/p>\n","protected":false},"excerpt":{"rendered":"<p>El Consejo Nacional Armenio agradece a todas aquellas personas, empresas, instituciones que quieran colaborar con su misi\u00f3n.A trav\u00e9s de la donaci\u00f3n de fondos usted puede contribuir al sostenimiento de las actividades diarias del Consejo Nacional Armenio. Si usted est\u00e1 interesado en conocer los proyectos del a\u00f1o 2022, puede obtener mayor informaci\u00f3n comunic\u00e1ndose (+54 11) 4775-7595 [&hellip;]<\/p>\n","protected":false},"author":1,"featured_media":0,"parent":0,"menu_order":11,"comment_status":"closed","ping_status":"closed","template":"","meta":{"site-sidebar-layout":"default","site-content-layout":"","ast-site-content-layout":"default","site-content-style":"default","site-sidebar-style":"default","ast-global-header-display":"","ast-banner-title-visibility":"","ast-main-header-display":"","ast-hfb-above-header-display":"","ast-hfb-below-header-display":"","ast-hfb-mobile-header-display":"","site-post-title":"","ast-breadcrumbs-content":"","ast-featured-img":"","footer-sml-layout":"","theme-transparent-header-meta":"","adv-header-id-meta":"","stick-header-meta":"","header-above-stick-meta":"","header-main-stick-meta":"","header-below-stick-meta":"","astra-migrate-meta-layouts":"default","ast-page-background-enabled":"default","ast-page-background-meta":{"desktop":{"background-color":"var(--ast-global-color-4)","background-image":"","background-repeat":"repeat","background-position":"center center","background-size":"auto","background-attachment":"scroll","background-type":"","background-media":"","overlay-type":"","overlay-color":"","overlay-opacity":"","overlay-gradient":""},"tablet":{"background-color":"","background-image":"","background-repeat":"repeat","background-position":"center center","background-size":"auto","background-attachment":"scroll","background-type":"","background-media":"","overlay-type":"","overlay-color":"","overlay-opacity":"","overlay-gradient":""},"mobile":{"background-color":"","background-image":"","background-repeat":"repeat","background-position":"center center","background-size":"auto","background-attachment":"scroll","background-type":"","background-media":"","overlay-type":"","overlay-color":"","overlay-opacity":"","overlay-gradient":""}},"ast-content-background-meta":{"desktop":{"background-color":"var(--ast-global-color-5)","background-image":"","background-repeat":"repeat","background-position":"center center","background-size":"auto","background-attachment":"scroll","background-type":"","background-media":"","overlay-type":"","overlay-color":"","overlay-opacity":"","overlay-gradient":""},"tablet":{"background-color":"var(--ast-global-color-5)","background-image":"","background-repeat":"repeat","background-position":"center center","background-size":"auto","background-attachment":"scroll","background-type":"","background-media":"","overlay-type":"","overlay-color":"","overlay-opacity":"","overlay-gradient":""},"mobile":{"background-color":"var(--ast-global-color-5)","background-image":"","background-repeat":"repeat","background-position":"center center","background-size":"auto","background-attachment":"scroll","background-type":"","background-media":"","overlay-type":"","overlay-color":"","overlay-opacity":"","overlay-gradient":""}},"footnotes":""},"class_list":["post-281","page","type-page","status-publish","hentry"],"jetpack_sharing_enabled":true,"_links":{"self":[{"href":"https:\/\/cna.org.ar\/index.php\/wp-json\/wp\/v2\/pages\/281","targetHints":{"allow":["GET"]}}],"collection":[{"href":"https:\/\/cna.org.ar\/index.php\/wp-json\/wp\/v2\/pages"}],"about":[{"href":"https:\/\/cna.org.ar\/index.php\/wp-json\/wp\/v2\/types\/page"}],"author":[{"embeddable":true,"href":"https:\/\/cna.org.ar\/index.php\/wp-json\/wp\/v2\/users\/1"}],"replies":[{"embeddable":true,"href":"https:\/\/cna.org.ar\/index.php\/wp-json\/wp\/v2\/comments?post=281"}],"version-history":[{"count":1,"href":"https:\/\/cna.org.ar\/index.php\/wp-json\/wp\/v2\/pages\/281\/revisions"}],"predecessor-version":[{"id":6106,"href":"https:\/\/cna.org.ar\/index.php\/wp-json\/wp\/v2\/pages\/281\/revisions\/6106"}],"wp:attachment":[{"href":"https:\/\/cna.org.ar\/index.php\/wp-json\/wp\/v2\/media?parent=281"}],"curies":[{"name":"wp","href":"https:\/\/api.w.org\/{rel}","templated":true}]}}