{"id":3806,"date":"2015-07-08T17:00:51","date_gmt":"2015-07-08T17:00:51","guid":{"rendered":"http:\/\/cna.org.ar\/?page_id=3806"},"modified":"2015-08-13T16:24:01","modified_gmt":"2015-08-13T16:24:01","slug":"equipo-de-educacion","status":"publish","type":"page","link":"https:\/\/cna.org.ar\/index.php\/equipo-de-educacion\/","title":{"rendered":"Equipo de Educaci\u00f3n"},"content":{"rendered":"<p>Hace m\u00e1s de una d\u00e9cada el Consejo Nacional Armenio ha conformado el Equipo de Educaci\u00f3n, que promueve la inclusi\u00f3n progresiva de la tem\u00e1tica del Genocidio en la ense\u00f1anza escolar, universitaria y en el mundo acad\u00e9mico. A su vez, capacita docentes sobre el respeto entre los pueblos y la interculturalidad como aporte para una educaci\u00f3n integral de las nuevas generaciones. Tambi\u00e9n, trabaja en coordinaci\u00f3n con otros organismos de Derechos Humanos en relaci\u00f3n a la transmisi\u00f3n de la memoria.<\/p>\n<p>El Equipo de Educaci\u00f3n del CNA est\u00e1 conformado por la <strong>Lic. Carolina Karagueuzian<\/strong> (Trabajo Social, UBA), el <strong>Prof. Juan Karagueuzian<\/strong> (Ciencias de la Educaci\u00f3n, Universidad\u00a0 San Andr\u00e9s), la <strong>Lic. y Prof. Julieta Puppo<\/strong> (Estudios Orientales, Universidad del Salvador), la<strong> Lic. Elizabeth Rizian<\/strong> (Psicolog\u00eda, UBA) y <strong>Marcela Moreno Buj\u00e1n<\/strong> (Licenciada en Derecho y Mediadora por Universidad de Costa Rica). Los integrantes forman parte de diversas instituciones de la comunidad, realizando tareas de coordinaci\u00f3n grupal de j\u00f3venes y adultos, y docencia en el nivel medio.<\/p>\n<p>El Equipo tiene como objetivos:<\/p>\n<ul>\n<li>Promover el valor e \u00a0importancia de los derechos\u00a0 humanos y el respeto de las minor\u00edas en el \u00e1mbito educativo, cultural y acad\u00e9mico<\/li>\n<li>Dar cuenta de la experiencia vivida por el pueblo armenio, abordando el tema desde una visi\u00f3n universal, identificando el hilo conductor que existe entre todos los cr\u00edmenes de lesa humanidad que han sufrido los hombres, mujeres y ni\u00f1os de este planeta, y que lamentablemente a\u00fan se repiten.<\/li>\n<li>Reconocer los genocidios como m\u00e1xima expresi\u00f3n de discriminaci\u00f3n.<\/li>\n<li>Difundir la memoria del Genocidio Armenio, promover la transmisi\u00f3n y prevenci\u00f3n de pr\u00e1cticas genocidas.<\/li>\n<li>Estimular la elaboraci\u00f3n de material bibliogr\u00e1fico y producciones art\u00edsticas referidos a la tem\u00e1tica de los derechos humanos.<\/li>\n<\/ul>\n<p>Estos objetivos se llevan a cabo a trav\u00e9s de diversas actividades tanto en \u00e1mbitos de educaci\u00f3n formal como no formal, de capacitaciones docentes, talleres de reflexi\u00f3n destinados a j\u00f3venes, a grupos de trabajo institucionales y en el mundo acad\u00e9mico y universitario, abordando temas vinculados a\u00a0 los genocidios, la discriminaci\u00f3n y los Derechos Humanos . Tambi\u00e9n se realizan y promueven publicaciones de material bibliogr\u00e1fico sobre tem\u00e1ticas relacionadas; producciones de obras teatrales y de material audiovisual.<\/p>\n<p>Contacto: \u00a0<a href=\"mailto:educacioncnarmenio@gmail.com\" target=\"_blank\">educacioncnarmenio@gmail.com<\/a><\/p>\n","protected":false},"excerpt":{"rendered":"<p>Hace m\u00e1s de una d\u00e9cada el Consejo Nacional Armenio ha conformado el Equipo de Educaci\u00f3n, que promueve la inclusi\u00f3n progresiva de la tem\u00e1tica del Genocidio en la ense\u00f1anza escolar, universitaria y en el mundo acad\u00e9mico. A su vez, capacita docentes sobre el respeto entre los pueblos y la interculturalidad como aporte para una educaci\u00f3n integral [&hellip;]<\/p>\n","protected":false},"author":1,"featured_media":3666,"parent":0,"menu_order":0,"comment_status":"closed","ping_status":"closed","template":"","meta":{"site-sidebar-layout":"default","site-content-layout":"","ast-site-content-layout":"default","site-content-style":"default","site-sidebar-style":"default","ast-global-header-display":"","ast-banner-title-visibility":"","ast-main-header-display":"","ast-hfb-above-header-display":"","ast-hfb-below-header-display":"","ast-hfb-mobile-header-display":"","site-post-title":"","ast-breadcrumbs-content":"","ast-featured-img":"","footer-sml-layout":"","theme-transparent-header-meta":"","adv-header-id-meta":"","stick-header-meta":"","header-above-stick-meta":"","header-main-stick-meta":"","header-below-stick-meta":"","astra-migrate-meta-layouts":"default","ast-page-background-enabled":"default","ast-page-background-meta":{"desktop":{"background-color":"var(--ast-global-color-4)","background-image":"","background-repeat":"repeat","background-position":"center center","background-size":"auto","background-attachment":"scroll","background-type":"","background-media":"","overlay-type":"","overlay-color":"","overlay-opacity":"","overlay-gradient":""},"tablet":{"background-color":"","background-image":"","background-repeat":"repeat","background-position":"center center","background-size":"auto","background-attachment":"scroll","background-type":"","background-media":"","overlay-type":"","overlay-color":"","overlay-opacity":"","overlay-gradient":""},"mobile":{"background-color":"","background-image":"","background-repeat":"repeat","background-position":"center center","background-size":"auto","background-attachment":"scroll","background-type":"","background-media":"","overlay-type":"","overlay-color":"","overlay-opacity":"","overlay-gradient":""}},"ast-content-background-meta":{"desktop":{"background-color":"var(--ast-global-color-5)","background-image":"","background-repeat":"repeat","background-position":"center center","background-size":"auto","background-attachment":"scroll","background-type":"","background-media":"","overlay-type":"","overlay-color":"","overlay-opacity":"","overlay-gradient":""},"tablet":{"background-color":"var(--ast-global-color-5)","background-image":"","background-repeat":"repeat","background-position":"center center","background-size":"auto","background-attachment":"scroll","background-type":"","background-media":"","overlay-type":"","overlay-color":"","overlay-opacity":"","overlay-gradient":""},"mobile":{"background-color":"var(--ast-global-color-5)","background-image":"","background-repeat":"repeat","background-position":"center center","background-size":"auto","background-attachment":"scroll","background-type":"","background-media":"","overlay-type":"","overlay-color":"","overlay-opacity":"","overlay-gradient":""}},"footnotes":""},"class_list":["post-3806","page","type-page","status-publish","has-post-thumbnail","hentry"],"jetpack_sharing_enabled":true,"_links":{"self":[{"href":"https:\/\/cna.org.ar\/index.php\/wp-json\/wp\/v2\/pages\/3806","targetHints":{"allow":["GET"]}}],"collection":[{"href":"https:\/\/cna.org.ar\/index.php\/wp-json\/wp\/v2\/pages"}],"about":[{"href":"https:\/\/cna.org.ar\/index.php\/wp-json\/wp\/v2\/types\/page"}],"author":[{"embeddable":true,"href":"https:\/\/cna.org.ar\/index.php\/wp-json\/wp\/v2\/users\/1"}],"replies":[{"embeddable":true,"href":"https:\/\/cna.org.ar\/index.php\/wp-json\/wp\/v2\/comments?post=3806"}],"version-history":[{"count":4,"href":"https:\/\/cna.org.ar\/index.php\/wp-json\/wp\/v2\/pages\/3806\/revisions"}],"predecessor-version":[{"id":3944,"href":"https:\/\/cna.org.ar\/index.php\/wp-json\/wp\/v2\/pages\/3806\/revisions\/3944"}],"wp:featuredmedia":[{"embeddable":true,"href":"https:\/\/cna.org.ar\/index.php\/wp-json\/wp\/v2\/media\/3666"}],"wp:attachment":[{"href":"https:\/\/cna.org.ar\/index.php\/wp-json\/wp\/v2\/media?parent=3806"}],"curies":[{"name":"wp","href":"https:\/\/api.w.org\/{rel}","templated":true}]}}