{"id":4277,"date":"2016-02-01T17:49:47","date_gmt":"2016-02-01T17:49:47","guid":{"rendered":"http:\/\/cna.org.ar\/?page_id=4277"},"modified":"2016-09-21T13:52:32","modified_gmt":"2016-09-21T13:52:32","slug":"reconocimientos-por-parte-de-organizaciones-internacionales-e-interestatales","status":"publish","type":"page","link":"https:\/\/cna.org.ar\/index.php\/reconocimientos-por-parte-de-organizaciones-internacionales-e-interestatales\/","title":{"rendered":"Reconocimientos por parte de organizaciones internacionales e interestatales"},"content":{"rendered":"<p><u>1 &#8211; Comunidad de Estados Independientes<\/u>:<\/p>\n<ul>\n<li>Resoluci\u00f3n de la Asamblea Interparlamentaria (21 de abril de 1995).<\/li>\n<\/ul>\n<p><u>2 &#8211; Tribunal Permanente de los Pueblos<\/u><\/p>\n<ul>\n<li>Declaraci\u00f3n (16 de abril de 1984).<\/li>\n<\/ul>\n<p><u>3 &#8211; Consejo Ecum\u00e9nico de las Iglesias:<\/u><\/p>\n<ul>\n<li>Declaraci\u00f3n de la Comisi\u00f3n de Iglesias para los Asuntos Internacionales (14 de marzo de 1979).<\/li>\n<li>Resoluci\u00f3n de la 6\u00ba Asamblea (10 de agosto de 1983).<\/li>\n<li>Mensajes del Secretariado General del COE (23 de abril de 1991 y 1995).<\/li>\n<\/ul>\n<p>&nbsp;<\/p>\n<p><strong><em>EUROPA:<\/em><\/strong><\/p>\n<p><u>1 &#8211; Parlamento Europeo <\/u><\/p>\n<ul>\n<li>Resoluci\u00f3n (18 de junio de 1987).<\/li>\n<\/ul>\n<p><u>2 &#8211; Parlamento Europeo <\/u><\/p>\n<ul>\n<li>Resoluci\u00f3n sobre el informe regular 1999 de la Comisi\u00f3n acerca de los progresos realizados por Turqu\u00eda para su futura adhesi\u00f3n (15 de noviembre de 2000).<\/li>\n<\/ul>\n<p><u>3 &#8211; Parlamento Europeo <\/u><\/p>\n<ul>\n<li>Resoluci\u00f3n (28 de septiembre de 2005).<\/li>\n<\/ul>\n<p>&nbsp;<\/p>\n<p><strong><em>SUDAM\u00c9RICA:<\/em><\/strong><\/p>\n<p><u>1 -Parlamento del Mercosur <\/u><\/p>\n<ul>\n<li>Resoluci\u00f3n (19 de noviembre de 2007).<\/li>\n<\/ul>\n<p><u>2 -Parlamento Andino<\/u><\/p>\n<ul>\n<li>Resoluci\u00f3n (17 de septiembre de 2016)<\/li>\n<\/ul>\n<p>&nbsp;<\/p>\n<p><strong><em>NACIONES UNIDAS:<\/em><\/strong><\/p>\n<p><u>1 &#8211; Comisi\u00f3n de Derechos del Hombre <\/u><\/p>\n<ul>\n<li>Voto a favor de la inclusi\u00f3n del P\u00e1rrafo 30 (16 de marzo de 1979).<\/li>\n<\/ul>\n<p><u>2 &#8211; Subcomisi\u00f3n de la lucha contra las medidas discriminatorias y de la protecci\u00f3n de las minor\u00edas <\/u><\/p>\n<ul>\n<li>Informe adoptado (29 de agosto de 1985).<\/li>\n<\/ul>\n<p>&nbsp;<\/p>\n<p><em><a href=\"https:\/\/cna.org.ar\/index.php\/reconocimientos-del-genocidio-armenio\/\">Volver a la p\u00e1gina anterior<\/a><\/em><\/p>\n","protected":false},"excerpt":{"rendered":"<p>1 &#8211; Comunidad de Estados Independientes: Resoluci\u00f3n de la Asamblea Interparlamentaria (21 de abril de 1995). 2 &#8211; Tribunal Permanente de los Pueblos Declaraci\u00f3n (16 de abril de 1984). 3 &#8211; Consejo Ecum\u00e9nico de las Iglesias: Declaraci\u00f3n de la Comisi\u00f3n de Iglesias para los Asuntos Internacionales (14 de marzo de 1979). Resoluci\u00f3n de la 6\u00ba [&hellip;]<\/p>\n","protected":false},"author":1,"featured_media":0,"parent":0,"menu_order":0,"comment_status":"closed","ping_status":"closed","template":"","meta":{"site-sidebar-layout":"default","site-content-layout":"","ast-site-content-layout":"default","site-content-style":"default","site-sidebar-style":"default","ast-global-header-display":"","ast-banner-title-visibility":"","ast-main-header-display":"","ast-hfb-above-header-display":"","ast-hfb-below-header-display":"","ast-hfb-mobile-header-display":"","site-post-title":"","ast-breadcrumbs-content":"","ast-featured-img":"","footer-sml-layout":"","theme-transparent-header-meta":"","adv-header-id-meta":"","stick-header-meta":"","header-above-stick-meta":"","header-main-stick-meta":"","header-below-stick-meta":"","astra-migrate-meta-layouts":"default","ast-page-background-enabled":"default","ast-page-background-meta":{"desktop":{"background-color":"var(--ast-global-color-4)","background-image":"","background-repeat":"repeat","background-position":"center center","background-size":"auto","background-attachment":"scroll","background-type":"","background-media":"","overlay-type":"","overlay-color":"","overlay-opacity":"","overlay-gradient":""},"tablet":{"background-color":"","background-image":"","background-repeat":"repeat","background-position":"center center","background-size":"auto","background-attachment":"scroll","background-type":"","background-media":"","overlay-type":"","overlay-color":"","overlay-opacity":"","overlay-gradient":""},"mobile":{"background-color":"","background-image":"","background-repeat":"repeat","background-position":"center center","background-size":"auto","background-attachment":"scroll","background-type":"","background-media":"","overlay-type":"","overlay-color":"","overlay-opacity":"","overlay-gradient":""}},"ast-content-background-meta":{"desktop":{"background-color":"var(--ast-global-color-5)","background-image":"","background-repeat":"repeat","background-position":"center center","background-size":"auto","background-attachment":"scroll","background-type":"","background-media":"","overlay-type":"","overlay-color":"","overlay-opacity":"","overlay-gradient":""},"tablet":{"background-color":"var(--ast-global-color-5)","background-image":"","background-repeat":"repeat","background-position":"center center","background-size":"auto","background-attachment":"scroll","background-type":"","background-media":"","overlay-type":"","overlay-color":"","overlay-opacity":"","overlay-gradient":""},"mobile":{"background-color":"var(--ast-global-color-5)","background-image":"","background-repeat":"repeat","background-position":"center center","background-size":"auto","background-attachment":"scroll","background-type":"","background-media":"","overlay-type":"","overlay-color":"","overlay-opacity":"","overlay-gradient":""}},"footnotes":""},"class_list":["post-4277","page","type-page","status-publish","hentry"],"jetpack_sharing_enabled":true,"_links":{"self":[{"href":"https:\/\/cna.org.ar\/index.php\/wp-json\/wp\/v2\/pages\/4277","targetHints":{"allow":["GET"]}}],"collection":[{"href":"https:\/\/cna.org.ar\/index.php\/wp-json\/wp\/v2\/pages"}],"about":[{"href":"https:\/\/cna.org.ar\/index.php\/wp-json\/wp\/v2\/types\/page"}],"author":[{"embeddable":true,"href":"https:\/\/cna.org.ar\/index.php\/wp-json\/wp\/v2\/users\/1"}],"replies":[{"embeddable":true,"href":"https:\/\/cna.org.ar\/index.php\/wp-json\/wp\/v2\/comments?post=4277"}],"version-history":[{"count":6,"href":"https:\/\/cna.org.ar\/index.php\/wp-json\/wp\/v2\/pages\/4277\/revisions"}],"predecessor-version":[{"id":4993,"href":"https:\/\/cna.org.ar\/index.php\/wp-json\/wp\/v2\/pages\/4277\/revisions\/4993"}],"wp:attachment":[{"href":"https:\/\/cna.org.ar\/index.php\/wp-json\/wp\/v2\/media?parent=4277"}],"curies":[{"name":"wp","href":"https:\/\/api.w.org\/{rel}","templated":true}]}}