{"id":4279,"date":"2016-02-01T17:49:49","date_gmt":"2016-02-01T17:49:49","guid":{"rendered":"http:\/\/cna.org.ar\/?page_id=4279"},"modified":"2019-04-22T15:32:36","modified_gmt":"2019-04-22T15:32:36","slug":"reconocimientos-por-parte-de-organos-legislativos-de-estados-o-estados-federales","status":"publish","type":"page","link":"https:\/\/cna.org.ar\/index.php\/reconocimientos-por-parte-de-organos-legislativos-de-estados-o-estados-federales\/","title":{"rendered":"Reconocimientos por parte de \u00f3rganos legislativos de Estados o Estados federales"},"content":{"rendered":"<p><u>1 &#8211; ALEMANIA: <\/u><\/p>\n<ul>\n<li>Resoluci\u00f3n\u00a018\/8613 del Parlamento (02 de junio de 2016).<\/li>\n<li>Resoluci\u00f3n del Parlamento (15 de junio de 2005).<\/li>\n<\/ul>\n<p><u>2 &#8211; ARGENTINA:<\/u><\/p>\n<ul>\n<li>Ley Nacional Nro 26.199 (11 de enero de 2007).<\/li>\n<li>Resoluci\u00f3n del Senado (23 de abril de 1998).<\/li>\n<li>Resoluci\u00f3n del Senado (21 de septiembre de 1994).<\/li>\n<li>Resoluci\u00f3n del Parlamento (29 de junio de 1994).<\/li>\n<li>Resoluci\u00f3n del Senado (19 de junio de 1985).<\/li>\n<li>Resoluci\u00f3n del Parlamento (17 de abril de 1983).<\/li>\n<\/ul>\n<p><u>3 &#8211; ARMENIA: <\/u><\/p>\n<ul>\n<li>Resoluci\u00f3n del Parlamento (21 de abril de 1995).<\/li>\n<\/ul>\n<p><u>4 &#8211; AUSTRALIA:<\/u><\/p>\n<ul>\n<li>Moci\u00f3n del Estado de Australia del Sur (25 de marzo de 2009).<\/li>\n<li>Moci\u00f3n del Estado de New South Wales (17 de abril de 1997).<\/li>\n<\/ul>\n<p><u>5 &#8211; AUSTRIA:<\/u><\/p>\n<ul>\n<li>Resoluci\u00f3n del Parlamento\u00a0(21 de abril de 2015).<\/li>\n<\/ul>\n<p><u>6 &#8211; BRASIL:<\/u><\/p>\n<ul>\n<li>Resoluci\u00f3n del Senado (02 de junio de 2015).<\/li>\n<\/ul>\n<p><u>7 &#8211; BOLIVIA:<\/u><\/p>\n<ul>\n<li>Resoluci\u00f3n de la Asamblea Legislativa Plurinacional (20 de noviembre de 2014).<\/li>\n<\/ul>\n<p><u>8 &#8211; B\u00c9LGICA: <\/u><\/p>\n<ul>\n<li>Resoluci\u00f3n de la C\u00e1mara de Representantes (23 de julio de 2015).<\/li>\n<li>Resoluci\u00f3n del Senado (26 de marzo de 1998).<\/li>\n<\/ul>\n<p><u>9 &#8211; BULGARIA: <\/u><\/p>\n<ul>\n<li>Declaraci\u00f3n del Parlamento (20 de abril de 1995).<\/li>\n<\/ul>\n<p><u>10 &#8211; CANAD\u00c1:<\/u><\/p>\n<ul>\n<li>Moci\u00f3n de la Asamblea Nacional de Qu\u00e9bec (25 de abril de 1995).<\/li>\n<li>Moci\u00f3n de la Asamblea Nacional de Qu\u00e9bec (21 de abril de 1983).<\/li>\n<li>Resoluci\u00f3n de la Asamblea Nacional de Qu\u00e9bec (10 de abril de 1980).<\/li>\n<li>Resoluci\u00f3n del Parlamento de Ontario (27 de marzo de 1980).<\/li>\n<\/ul>\n<p><u>11 &#8211; CHILE: <\/u><\/p>\n<ul>\n<li>Acuerdo Senado Nacional (05 de junio de 2007)<\/li>\n<\/ul>\n<p><u>12 &#8211; CHIPRE: <\/u><\/p>\n<ul>\n<li>Parlamento (1982, 1983, 1990).<\/li>\n<\/ul>\n<p><span style=\"text-decoration: underline;\">13 &#8211; DINAMARCA:<\/span><\/p>\n<ul>\n<li>Resoluci\u00f3n del Parlamento (26 de enero de 2017)<\/li>\n<\/ul>\n<p><u>14 &#8211; ESLOVAQUIA: <\/u><\/p>\n<ul>\n<li>Resoluci\u00f3n (30 de noviembre de 2004)<\/li>\n<\/ul>\n<p><u>15 &#8211; ESTADOS UNIDOS:<\/u><\/p>\n<ul>\n<li>Resoluci\u00f3n de la C\u00e1mara de Representantes (10 de septiembre de 1984).<\/li>\n<li>Resoluci\u00f3n de la C\u00e1mara de Representantes (08 de abril de 1975).<\/li>\n<li>Resoluci\u00f3n del Senado (13 de mayo de 1920).<\/li>\n<\/ul>\n<ul>\n<li>Estado de Alabama (2019)<\/li>\n<li>Estado de Alaska (1990).<\/li>\n<li>Estado de California (1981, 1985, 1995, 1996, 1997, 1998, 1999, 2000).<\/li>\n<li>Estado de South Caroline (1999)<\/li>\n<li>Estado de Delaware (1995).<\/li>\n<li>Estado de Georgia (1999).<\/li>\n<li>Estado de Hawaii (2009).<\/li>\n<li>Estado de Illinois (1995).<\/li>\n<li>Estado de Indiana (2017)<\/li>\n<li>Estado de Iowa (2017)<\/li>\n<li>Estado de Massachusetts (1978).<\/li>\n<li>Estado de Michigan (1990, 1999).<\/li>\n<li>Estado de New Hampshire (1990).<\/li>\n<li>Estado de New Jersey (1984, 1985, 1990).<\/li>\n<li>Estado de New York (1985, 1995).<\/li>\n<li>Estado de Oklahoma (1990)<\/li>\n<li>Estado de Pennsylvania (1995, 1999, 2000).<\/li>\n<li>Estado de Rhode Island (1990, 1996, 1997, 1998, 1999, 2000).<\/li>\n<li>Estado de Texas (2017).<\/li>\n<li>Estado de Virginia (2000).<\/li>\n<li>Estado de Wisconsin (1985, 1990, 2000).<\/li>\n<\/ul>\n<p><u>16 &#8211; FRANCIA:<\/u><\/p>\n<ul>\n<li>Asamblea Nacional. Ley (18 de enero de 2001).<\/li>\n<li>Senado (08 de noviembre de 2000).<\/li>\n<li>Asamblea Nacional (29 de mayo de 1998).<\/li>\n<li>Decreto del Poder Ejecutivo (10 de abril de 2019)<\/li>\n<\/ul>\n<p><u>17 &#8211; GRECIA: <\/u><\/p>\n<ul>\n<li>Resoluci\u00f3n del Parlamento (25 de abril de 1996).<\/li>\n<\/ul>\n<p><u>18 &#8211; HOLANDA: <\/u><\/p>\n<ul>\n<li>Resoluci\u00f3n del Parlamento (21 de diciembre de 2004).<\/li>\n<\/ul>\n<p><u>19 &#8211; ITALIA: <\/u><\/p>\n<ul>\n<li>Parlamento (16 de noviembre de 2000).<\/li>\n<li>C\u00e1mara de Diputados (10 de abril de 2019)<\/li>\n<\/ul>\n<p><u>20 &#8211; KURDIST\u00c1N: <\/u><\/p>\n<ul>\n<li>Declaraci\u00f3n del Parlamento en exilio (23 de abril de 1995).<\/li>\n<\/ul>\n<p><u>21 &#8211; L\u00cdBANO:<\/u><\/p>\n<ul>\n<li>Resoluci\u00f3n del Parlamento (11 de mayo de 2000).<\/li>\n<li>Resoluci\u00f3n de la C\u00e1mara de Diputados (03 de abril de 1997).<\/li>\n<\/ul>\n<p><u>22 &#8211; LITUANIA: <\/u><\/p>\n<ul>\n<li>Resoluci\u00f3n de la Asamblea (15 de diciembre de 2005).<\/li>\n<\/ul>\n<p><u>23 &#8211; LUXEMBURGO:<\/u><\/p>\n<ul>\n<li>Resoluci\u00f3n del Parlamento (06 de mayo de 2015).<\/li>\n<\/ul>\n<p><u>24 &#8211; Espa\u00f1a -PA\u00cdS VASCO: <\/u><\/p>\n<ul>\n<li>Declaraci\u00f3n del Parlamento (20 de abril de 2007).<\/li>\n<\/ul>\n<p><u>25 &#8211; RUSIA: <\/u><\/p>\n<ul>\n<li>Resoluci\u00f3n de la Duma de la Federaci\u00f3n Rusa (14 de abril de 1995).<\/li>\n<li>Resoluci\u00f3n de la Duma de la Federaci\u00f3n Rusa (22 de abril de 1994).<\/li>\n<\/ul>\n<p><u>26 &#8211; SIRIA:<\/u><\/p>\n<ul>\n<li>Resoluci\u00f3n del Parlamento (03.2015)<\/li>\n<\/ul>\n<p><u>27 &#8211; SUECIA: <\/u><\/p>\n<ul>\n<li>Parlamento (11 de marzo de 2010)<\/li>\n<li>Parlamento (29 de marzo de 2000)<\/li>\n<\/ul>\n<p><u>28 &#8211; URUGUAY:<\/u><\/p>\n<ul>\n<li>Leyes (1965 y 2004).<\/li>\n<li>Resoluci\u00f3n del Parlamento (1970, 1972 y 2000).<\/li>\n<li>Resoluci\u00f3n de la Asamblea (23 de abril de 1985).<\/li>\n<li>Resoluci\u00f3n del Senado (17 de abril de 1985).<\/li>\n<\/ul>\n<p><u>29 &#8211; VENEZUELA: <\/u><\/p>\n<ul>\n<li>Acuerdo Asamblea Nacional (14 de julio de 2005).<\/li>\n<\/ul>\n<p>&nbsp;<\/p>\n<p><em><a href=\"https:\/\/cna.org.ar\/index.php\/reconocimientos-del-genocidio-armenio\/\">Volver a la p\u00e1gina anterior<\/a><\/em><\/p>\n","protected":false},"excerpt":{"rendered":"<p>1 &#8211; ALEMANIA: Resoluci\u00f3n\u00a018\/8613 del Parlamento (02 de junio de 2016). Resoluci\u00f3n del Parlamento (15 de junio de 2005). 2 &#8211; ARGENTINA: Ley Nacional Nro 26.199 (11 de enero de 2007). Resoluci\u00f3n del Senado (23 de abril de 1998). Resoluci\u00f3n del Senado (21 de septiembre de 1994). Resoluci\u00f3n del Parlamento (29 de junio de 1994). [&hellip;]<\/p>\n","protected":false},"author":1,"featured_media":0,"parent":0,"menu_order":0,"comment_status":"closed","ping_status":"closed","template":"","meta":{"site-sidebar-layout":"default","site-content-layout":"","ast-site-content-layout":"default","site-content-style":"default","site-sidebar-style":"default","ast-global-header-display":"","ast-banner-title-visibility":"","ast-main-header-display":"","ast-hfb-above-header-display":"","ast-hfb-below-header-display":"","ast-hfb-mobile-header-display":"","site-post-title":"","ast-breadcrumbs-content":"","ast-featured-img":"","footer-sml-layout":"","theme-transparent-header-meta":"","adv-header-id-meta":"","stick-header-meta":"","header-above-stick-meta":"","header-main-stick-meta":"","header-below-stick-meta":"","astra-migrate-meta-layouts":"default","ast-page-background-enabled":"default","ast-page-background-meta":{"desktop":{"background-color":"var(--ast-global-color-4)","background-image":"","background-repeat":"repeat","background-position":"center center","background-size":"auto","background-attachment":"scroll","background-type":"","background-media":"","overlay-type":"","overlay-color":"","overlay-opacity":"","overlay-gradient":""},"tablet":{"background-color":"","background-image":"","background-repeat":"repeat","background-position":"center center","background-size":"auto","background-attachment":"scroll","background-type":"","background-media":"","overlay-type":"","overlay-color":"","overlay-opacity":"","overlay-gradient":""},"mobile":{"background-color":"","background-image":"","background-repeat":"repeat","background-position":"center center","background-size":"auto","background-attachment":"scroll","background-type":"","background-media":"","overlay-type":"","overlay-color":"","overlay-opacity":"","overlay-gradient":""}},"ast-content-background-meta":{"desktop":{"background-color":"var(--ast-global-color-5)","background-image":"","background-repeat":"repeat","background-position":"center center","background-size":"auto","background-attachment":"scroll","background-type":"","background-media":"","overlay-type":"","overlay-color":"","overlay-opacity":"","overlay-gradient":""},"tablet":{"background-color":"var(--ast-global-color-5)","background-image":"","background-repeat":"repeat","background-position":"center center","background-size":"auto","background-attachment":"scroll","background-type":"","background-media":"","overlay-type":"","overlay-color":"","overlay-opacity":"","overlay-gradient":""},"mobile":{"background-color":"var(--ast-global-color-5)","background-image":"","background-repeat":"repeat","background-position":"center center","background-size":"auto","background-attachment":"scroll","background-type":"","background-media":"","overlay-type":"","overlay-color":"","overlay-opacity":"","overlay-gradient":""}},"footnotes":""},"class_list":["post-4279","page","type-page","status-publish","hentry"],"jetpack_sharing_enabled":true,"_links":{"self":[{"href":"https:\/\/cna.org.ar\/index.php\/wp-json\/wp\/v2\/pages\/4279","targetHints":{"allow":["GET"]}}],"collection":[{"href":"https:\/\/cna.org.ar\/index.php\/wp-json\/wp\/v2\/pages"}],"about":[{"href":"https:\/\/cna.org.ar\/index.php\/wp-json\/wp\/v2\/types\/page"}],"author":[{"embeddable":true,"href":"https:\/\/cna.org.ar\/index.php\/wp-json\/wp\/v2\/users\/1"}],"replies":[{"embeddable":true,"href":"https:\/\/cna.org.ar\/index.php\/wp-json\/wp\/v2\/comments?post=4279"}],"version-history":[{"count":12,"href":"https:\/\/cna.org.ar\/index.php\/wp-json\/wp\/v2\/pages\/4279\/revisions"}],"predecessor-version":[{"id":5823,"href":"https:\/\/cna.org.ar\/index.php\/wp-json\/wp\/v2\/pages\/4279\/revisions\/5823"}],"wp:attachment":[{"href":"https:\/\/cna.org.ar\/index.php\/wp-json\/wp\/v2\/media?parent=4279"}],"curies":[{"name":"wp","href":"https:\/\/api.w.org\/{rel}","templated":true}]}}