{"id":4321,"date":"2016-03-17T16:37:33","date_gmt":"2016-03-17T16:37:33","guid":{"rendered":"http:\/\/cna.org.ar\/?page_id=4321"},"modified":"2016-03-17T17:32:56","modified_gmt":"2016-03-17T17:32:56","slug":"el-derrumbe-del-negacionismo-leandro-despouy-el-informe-whitaker-y-el-aporte-argentino-al-reconocimiento-internacional-del-genocidio-de-los-armenios","status":"publish","type":"page","link":"https:\/\/cna.org.ar\/index.php\/el-derrumbe-del-negacionismo-leandro-despouy-el-informe-whitaker-y-el-aporte-argentino-al-reconocimiento-internacional-del-genocidio-de-los-armenios\/","title":{"rendered":"El derrumbe del negacionismo. Leandro Despouy, el Informe Whitaker y el aporte argentino al reconocimiento internacional del Genocidio de los armenios."},"content":{"rendered":"<p><a href=\"https:\/\/i0.wp.com\/cna.org.ar\/wp-content\/uploads\/2016\/02\/derrumbe-contrataoa.jpg?ssl=1\"><img data-recalc-dims=\"1\" loading=\"lazy\" decoding=\"async\" class=\"alignleft size-medium wp-image-4325\" src=\"https:\/\/i0.wp.com\/cna.org.ar\/wp-content\/uploads\/2016\/02\/El-derrumbe-del-negacionismo.jpg?resize=196%2C300&#038;ssl=1\" alt=\"El derrumbe del negacionismo\" width=\"196\" height=\"300\" srcset=\"https:\/\/i0.wp.com\/cna.org.ar\/wp-content\/uploads\/2016\/02\/El-derrumbe-del-negacionismo.jpg?resize=196%2C300&amp;ssl=1 196w, https:\/\/i0.wp.com\/cna.org.ar\/wp-content\/uploads\/2016\/02\/El-derrumbe-del-negacionismo.jpg?resize=668%2C1024&amp;ssl=1 668w, https:\/\/i0.wp.com\/cna.org.ar\/wp-content\/uploads\/2016\/02\/El-derrumbe-del-negacionismo.jpg?resize=228%2C350&amp;ssl=1 228w, https:\/\/i0.wp.com\/cna.org.ar\/wp-content\/uploads\/2016\/02\/El-derrumbe-del-negacionismo.jpg?w=886&amp;ssl=1 886w\" sizes=\"auto, (max-width: 196px) 100vw, 196px\" \/><img data-recalc-dims=\"1\" loading=\"lazy\" decoding=\"async\" class=\"alignleft size-medium wp-image-4323\" src=\"https:\/\/i0.wp.com\/cna.org.ar\/wp-content\/uploads\/2016\/02\/derrumbe-contrataoa.jpg?resize=195%2C300&#038;ssl=1\" alt=\"derrumbe contrataoa\" width=\"195\" height=\"300\" srcset=\"https:\/\/i0.wp.com\/cna.org.ar\/wp-content\/uploads\/2016\/02\/derrumbe-contrataoa.jpg?resize=195%2C300&amp;ssl=1 195w, https:\/\/i0.wp.com\/cna.org.ar\/wp-content\/uploads\/2016\/02\/derrumbe-contrataoa.jpg?resize=228%2C350&amp;ssl=1 228w, https:\/\/i0.wp.com\/cna.org.ar\/wp-content\/uploads\/2016\/02\/derrumbe-contrataoa.jpg?w=465&amp;ssl=1 465w\" sizes=\"auto, (max-width: 195px) 100vw, 195px\" \/><\/a><\/p>\n<p>&nbsp;<\/p>\n<p>&nbsp;<\/p>\n<p>&nbsp;<\/p>\n<p>&nbsp;<\/p>\n<p>&nbsp;<\/p>\n<p>&nbsp;<\/p>\n<p>&nbsp;<\/p>\n<p>&nbsp;<\/p>\n<p><strong>Derghougassian, Khatchik (comp.); Teruzzi, Florencia; Bosoer, Fabi\u00e1n; Tokatlian, Juan Gabriel. \u201cEl derrumbe del negacionismo. Leandro Despouy, el Informe Whitaker y el aporte argentino al reconocimiento internacional del Genocidio de los armenios\u201d, Editorial Planeta, Buenos Aires, 2009<\/strong><\/p>\n<p>Entre 1915 y 1923, un mill\u00f3n y medio de armenios fueron v\u00edctimas del primer Genocidio del siglo XX perpetrado por el Estado turco-otomano. En un crimen estatal de similar caracter\u00edstica, treinta mil argentinos \u201cdesaparecieron\u201d durante la Dictadura Militar de 1976-1983. Las circunstancias y la finalidad de los planes de exterminio han sido distintas en ambos casos. El gobierno de los J\u00f3venes Turcos practic\u00f3 una suerte de \u201csoluci\u00f3n final\u201d con la Cuesti\u00f3n Armenia creando el primer antecedente de impunidad que servir\u00eda de modelo a Hitler, quien, al ordenar el Holocausto, declar\u00f3: \u201c\u00bfQui\u00e9n se acuerda hoy de los armenios?\u201d Durante casi cincuenta a\u00f1os la pol\u00edtica internacional releg\u00f3 al olvido el Genocidio de los armenios. Por su parte, los militares argentinos tomaron como blanco a su propio pueblo y confirieron a la represi\u00f3n planificada una ferocidad in\u00e9dita. A diferencia del Genocidio, los cr\u00edmenes de lesa humanidad cometidos por la Dictadura todav\u00eda son objeto de procesos judiciales. Esta situaci\u00f3n, iniciada con el juicio a las Juntas Militares, fund\u00f3 un compromiso con la memoria que se manifest\u00f3 tanto en la sociedad como, con altibajos, en el Estado.<\/p>\n<p>Compilados por Khatchik DerGhougassian, los cinco ensayos que componen \u201cEl derrumbe del negacionismo\u201d parten del supuesto de que el compromiso con la memoria ha sido un factor decisivo en la contribuci\u00f3n de la Argentina al reconocimiento internacional del Genocidio de los armenios. El libro propone una reflexi\u00f3n acerca del siglo XX, a menudo caracterizado como \u201cel siglo de los genocidios\u201d; a partir de un an\u00e1lisis de las circunstancias internacionales que lo facilitan y, con frecuencia lo alientan, advierte sobre la amenaza de que ese crimen se proyecte en el siglo XXI. Enfoca, en particular, la lucha de la Di\u00e1spora armenia por el reconocimiento internacional del Genocidio, y enfatiza el aporte argentino a trav\u00e9s de la actuaci\u00f3n del jurista Leandro Despouy en la Subcomisi\u00f3n de los Derechos Humanos de las Naciones Unidas (1984-1985). El relato incluye la palabra de Despouy, algunos aspectos de la trayectoria a favor de la vigencia de los derechos humanos y sus reflexiones sobre el derecho a la verdad en el contexto del Genocidio de los armenios.<\/p>\n<p><em><a href=\"https:\/\/cna.org.ar\/index.php\/biblioteca-del-cna\/\">Volver a la p\u00e1gina anterior<\/a><\/em><\/p>\n","protected":false},"excerpt":{"rendered":"<p>&nbsp; &nbsp; &nbsp; &nbsp; &nbsp; &nbsp; &nbsp; &nbsp; Derghougassian, Khatchik (comp.); Teruzzi, Florencia; Bosoer, Fabi\u00e1n; Tokatlian, Juan Gabriel. \u201cEl derrumbe del negacionismo. Leandro Despouy, el Informe Whitaker y el aporte argentino al reconocimiento internacional del Genocidio de los armenios\u201d, Editorial Planeta, Buenos Aires, 2009 Entre 1915 y 1923, un mill\u00f3n y medio de armenios fueron [&hellip;]<\/p>\n","protected":false},"author":1,"featured_media":0,"parent":0,"menu_order":0,"comment_status":"closed","ping_status":"closed","template":"","meta":{"site-sidebar-layout":"default","site-content-layout":"","ast-site-content-layout":"default","site-content-style":"default","site-sidebar-style":"default","ast-global-header-display":"","ast-banner-title-visibility":"","ast-main-header-display":"","ast-hfb-above-header-display":"","ast-hfb-below-header-display":"","ast-hfb-mobile-header-display":"","site-post-title":"","ast-breadcrumbs-content":"","ast-featured-img":"","footer-sml-layout":"","theme-transparent-header-meta":"","adv-header-id-meta":"","stick-header-meta":"","header-above-stick-meta":"","header-main-stick-meta":"","header-below-stick-meta":"","astra-migrate-meta-layouts":"default","ast-page-background-enabled":"default","ast-page-background-meta":{"desktop":{"background-color":"var(--ast-global-color-4)","background-image":"","background-repeat":"repeat","background-position":"center center","background-size":"auto","background-attachment":"scroll","background-type":"","background-media":"","overlay-type":"","overlay-color":"","overlay-opacity":"","overlay-gradient":""},"tablet":{"background-color":"","background-image":"","background-repeat":"repeat","background-position":"center center","background-size":"auto","background-attachment":"scroll","background-type":"","background-media":"","overlay-type":"","overlay-color":"","overlay-opacity":"","overlay-gradient":""},"mobile":{"background-color":"","background-image":"","background-repeat":"repeat","background-position":"center center","background-size":"auto","background-attachment":"scroll","background-type":"","background-media":"","overlay-type":"","overlay-color":"","overlay-opacity":"","overlay-gradient":""}},"ast-content-background-meta":{"desktop":{"background-color":"var(--ast-global-color-5)","background-image":"","background-repeat":"repeat","background-position":"center center","background-size":"auto","background-attachment":"scroll","background-type":"","background-media":"","overlay-type":"","overlay-color":"","overlay-opacity":"","overlay-gradient":""},"tablet":{"background-color":"var(--ast-global-color-5)","background-image":"","background-repeat":"repeat","background-position":"center center","background-size":"auto","background-attachment":"scroll","background-type":"","background-media":"","overlay-type":"","overlay-color":"","overlay-opacity":"","overlay-gradient":""},"mobile":{"background-color":"var(--ast-global-color-5)","background-image":"","background-repeat":"repeat","background-position":"center center","background-size":"auto","background-attachment":"scroll","background-type":"","background-media":"","overlay-type":"","overlay-color":"","overlay-opacity":"","overlay-gradient":""}},"footnotes":""},"class_list":["post-4321","page","type-page","status-publish","hentry"],"jetpack_sharing_enabled":true,"_links":{"self":[{"href":"https:\/\/cna.org.ar\/index.php\/wp-json\/wp\/v2\/pages\/4321","targetHints":{"allow":["GET"]}}],"collection":[{"href":"https:\/\/cna.org.ar\/index.php\/wp-json\/wp\/v2\/pages"}],"about":[{"href":"https:\/\/cna.org.ar\/index.php\/wp-json\/wp\/v2\/types\/page"}],"author":[{"embeddable":true,"href":"https:\/\/cna.org.ar\/index.php\/wp-json\/wp\/v2\/users\/1"}],"replies":[{"embeddable":true,"href":"https:\/\/cna.org.ar\/index.php\/wp-json\/wp\/v2\/comments?post=4321"}],"version-history":[{"count":4,"href":"https:\/\/cna.org.ar\/index.php\/wp-json\/wp\/v2\/pages\/4321\/revisions"}],"predecessor-version":[{"id":4623,"href":"https:\/\/cna.org.ar\/index.php\/wp-json\/wp\/v2\/pages\/4321\/revisions\/4623"}],"wp:attachment":[{"href":"https:\/\/cna.org.ar\/index.php\/wp-json\/wp\/v2\/media?parent=4321"}],"curies":[{"name":"wp","href":"https:\/\/api.w.org\/{rel}","templated":true}]}}