{"id":4346,"date":"2016-03-17T16:38:41","date_gmt":"2016-03-17T16:38:41","guid":{"rendered":"http:\/\/cna.org.ar\/?page_id=4346"},"modified":"2016-03-17T17:31:35","modified_gmt":"2016-03-17T17:31:35","slug":"el-primer-genocidio-del-siglo-xx-regreso-de-la-memoria-armenia","status":"publish","type":"page","link":"https:\/\/cna.org.ar\/index.php\/el-primer-genocidio-del-siglo-xx-regreso-de-la-memoria-armenia\/","title":{"rendered":"El primer genocidio del siglo XX, regreso de la memoria armenia"},"content":{"rendered":"<p><strong><a href=\"https:\/\/i0.wp.com\/cna.org.ar\/wp-content\/uploads\/2016\/02\/rita-tapa.jpg?ssl=1\"><img data-recalc-dims=\"1\" loading=\"lazy\" decoding=\"async\" class=\"alignleft size-medium wp-image-4338\" src=\"https:\/\/i0.wp.com\/cna.org.ar\/wp-content\/uploads\/2016\/02\/rita-tapa.jpg?resize=194%2C300&#038;ssl=1\" alt=\"rita tapa\" width=\"194\" height=\"300\" srcset=\"https:\/\/i0.wp.com\/cna.org.ar\/wp-content\/uploads\/2016\/02\/rita-tapa.jpg?resize=194%2C300&amp;ssl=1 194w, https:\/\/i0.wp.com\/cna.org.ar\/wp-content\/uploads\/2016\/02\/rita-tapa.jpg?resize=226%2C350&amp;ssl=1 226w, https:\/\/i0.wp.com\/cna.org.ar\/wp-content\/uploads\/2016\/02\/rita-tapa.jpg?w=414&amp;ssl=1 414w\" sizes=\"auto, (max-width: 194px) 100vw, 194px\" \/><\/a> <a href=\"https:\/\/i0.wp.com\/cna.org.ar\/wp-content\/uploads\/2016\/02\/rita-contratapa.jpg?ssl=1\"><img data-recalc-dims=\"1\" loading=\"lazy\" decoding=\"async\" class=\"alignleft size-medium wp-image-4337\" src=\"https:\/\/i0.wp.com\/cna.org.ar\/wp-content\/uploads\/2016\/02\/rita-contratapa.jpg?resize=191%2C300&#038;ssl=1\" alt=\"rita contratapa\" width=\"191\" height=\"300\" srcset=\"https:\/\/i0.wp.com\/cna.org.ar\/wp-content\/uploads\/2016\/02\/rita-contratapa.jpg?resize=191%2C300&amp;ssl=1 191w, https:\/\/i0.wp.com\/cna.org.ar\/wp-content\/uploads\/2016\/02\/rita-contratapa.jpg?resize=223%2C350&amp;ssl=1 223w, https:\/\/i0.wp.com\/cna.org.ar\/wp-content\/uploads\/2016\/02\/rita-contratapa.jpg?w=409&amp;ssl=1 409w\" sizes=\"auto, (max-width: 191px) 100vw, 191px\" \/><\/a><\/strong><\/p>\n<p>&nbsp;<\/p>\n<p>&nbsp;<\/p>\n<p>&nbsp;<\/p>\n<p>&nbsp;<\/p>\n<p>&nbsp;<\/p>\n<p>&nbsp;<\/p>\n<p>&nbsp;<\/p>\n<p>&nbsp;<\/p>\n<p><strong>Kuyumciyan, Rita C. \u201cEl primer genocidio del siglo XX, regreso de la memoria armenia\u201d,\u00a0<\/strong><strong>Editorial Planeta, Buenos Aires, 2009<\/strong><\/p>\n<p>\u201cAdentrarse en la lectura del libro de Rita Kuyumciyan implica tomar contacto con los horrores de la conducta humana. Es un texto abrumador por lo cruel y triste de la historia, pero al mismo tiempo necesario, rico y esclarecedor. (\u2026)<\/p>\n<p>Rescata los valores simb\u00f3licos del pueblo armenio para restituir su identidad impugnada. (\u2026) Es un escrito que tiende a posibilitar transformaciones en la esfera de lo individual y de lo grupal. (\u2026)<\/p>\n<p>Los fundamentos hist\u00f3ricos, pol\u00edticos, literarios y psicoanal\u00edticos se imbrincan en este trabajo en un entramado rico en est\u00edmulos para hacer pensar, no s\u00f3lo en la conducta humana individual, sino en los hechos sociales. (\u2026)<\/p>\n<p>Las grandes masacres que se describen en el libro no son \u00fanicas y sus ideas son aplicables a otros luctuosos sucesos del devenir humano. (\u2026)<\/p>\n<p>La autora describe dos vertientes del silenciamiento, vertientes antag\u00f3nicas como lo son los grupos que lo sostienen. Por un lado, est\u00e1 el silencio de los victimarios y, por el otro, el de las v\u00edctimas. Si bien fenom\u00e9nicamente hay similitud, sus sentidos son diferentes. El primero est\u00e1 basado en la conciencia de un plan secreto y siniestro de terror de Estado; y el segundo, en el dolor y la indefensi\u00f3n que impone el sinsentido en el que es sumido aquel a quien afecta tal plan irracional. (\u2026)<\/p>\n<p>Es un campo de estudio complejo en el que compara constantemente las vicisitudes ps\u00edquicas de los que perpetraron el genocidio, de los que lo padecieron, de los que lo vivieron y de los que lo heredaron, ya sea tanto enfrent\u00e1ndolo como ocult\u00e1ndolo. (\u2026)<\/p>\n<p>Destaca con gran habilidad el dualismo conflictivo entre el vac\u00edo de lo irrepresentable \u2013ya sea por repudio o falta de inscripci\u00f3n- y la integraci\u00f3n de representaciones de un pasado inaceptable. (\u2026)<\/p>\n<p>(\u2026) clarifica el lugar de sus ancestros, as\u00ed como el propio, constituy\u00e9ndose este libro en su trascendente legado para los hijos del pueblo armenio y la reconstrucci\u00f3n de su identidad y cultura.\u201d<\/p>\n<p>Dr. Jos\u00e9 Fischbein<\/p>\n<p><em><a href=\"https:\/\/cna.org.ar\/index.php\/biblioteca-del-cna\/\">Volver a la p\u00e1gina anterior<\/a><\/em><\/p>\n","protected":false},"excerpt":{"rendered":"<p>&nbsp; &nbsp; &nbsp; &nbsp; &nbsp; &nbsp; &nbsp; &nbsp; Kuyumciyan, Rita C. \u201cEl primer genocidio del siglo XX, regreso de la memoria armenia\u201d,\u00a0Editorial Planeta, Buenos Aires, 2009 \u201cAdentrarse en la lectura del libro de Rita Kuyumciyan implica tomar contacto con los horrores de la conducta humana. Es un texto abrumador por lo cruel y triste de [&hellip;]<\/p>\n","protected":false},"author":1,"featured_media":0,"parent":0,"menu_order":0,"comment_status":"closed","ping_status":"closed","template":"","meta":{"site-sidebar-layout":"default","site-content-layout":"","ast-site-content-layout":"default","site-content-style":"default","site-sidebar-style":"default","ast-global-header-display":"","ast-banner-title-visibility":"","ast-main-header-display":"","ast-hfb-above-header-display":"","ast-hfb-below-header-display":"","ast-hfb-mobile-header-display":"","site-post-title":"","ast-breadcrumbs-content":"","ast-featured-img":"","footer-sml-layout":"","theme-transparent-header-meta":"","adv-header-id-meta":"","stick-header-meta":"","header-above-stick-meta":"","header-main-stick-meta":"","header-below-stick-meta":"","astra-migrate-meta-layouts":"default","ast-page-background-enabled":"default","ast-page-background-meta":{"desktop":{"background-color":"var(--ast-global-color-4)","background-image":"","background-repeat":"repeat","background-position":"center center","background-size":"auto","background-attachment":"scroll","background-type":"","background-media":"","overlay-type":"","overlay-color":"","overlay-opacity":"","overlay-gradient":""},"tablet":{"background-color":"","background-image":"","background-repeat":"repeat","background-position":"center center","background-size":"auto","background-attachment":"scroll","background-type":"","background-media":"","overlay-type":"","overlay-color":"","overlay-opacity":"","overlay-gradient":""},"mobile":{"background-color":"","background-image":"","background-repeat":"repeat","background-position":"center center","background-size":"auto","background-attachment":"scroll","background-type":"","background-media":"","overlay-type":"","overlay-color":"","overlay-opacity":"","overlay-gradient":""}},"ast-content-background-meta":{"desktop":{"background-color":"var(--ast-global-color-5)","background-image":"","background-repeat":"repeat","background-position":"center center","background-size":"auto","background-attachment":"scroll","background-type":"","background-media":"","overlay-type":"","overlay-color":"","overlay-opacity":"","overlay-gradient":""},"tablet":{"background-color":"var(--ast-global-color-5)","background-image":"","background-repeat":"repeat","background-position":"center center","background-size":"auto","background-attachment":"scroll","background-type":"","background-media":"","overlay-type":"","overlay-color":"","overlay-opacity":"","overlay-gradient":""},"mobile":{"background-color":"var(--ast-global-color-5)","background-image":"","background-repeat":"repeat","background-position":"center center","background-size":"auto","background-attachment":"scroll","background-type":"","background-media":"","overlay-type":"","overlay-color":"","overlay-opacity":"","overlay-gradient":""}},"footnotes":""},"class_list":["post-4346","page","type-page","status-publish","hentry"],"jetpack_sharing_enabled":true,"_links":{"self":[{"href":"https:\/\/cna.org.ar\/index.php\/wp-json\/wp\/v2\/pages\/4346","targetHints":{"allow":["GET"]}}],"collection":[{"href":"https:\/\/cna.org.ar\/index.php\/wp-json\/wp\/v2\/pages"}],"about":[{"href":"https:\/\/cna.org.ar\/index.php\/wp-json\/wp\/v2\/types\/page"}],"author":[{"embeddable":true,"href":"https:\/\/cna.org.ar\/index.php\/wp-json\/wp\/v2\/users\/1"}],"replies":[{"embeddable":true,"href":"https:\/\/cna.org.ar\/index.php\/wp-json\/wp\/v2\/comments?post=4346"}],"version-history":[{"count":3,"href":"https:\/\/cna.org.ar\/index.php\/wp-json\/wp\/v2\/pages\/4346\/revisions"}],"predecessor-version":[{"id":4626,"href":"https:\/\/cna.org.ar\/index.php\/wp-json\/wp\/v2\/pages\/4346\/revisions\/4626"}],"wp:attachment":[{"href":"https:\/\/cna.org.ar\/index.php\/wp-json\/wp\/v2\/media?parent=4346"}],"curies":[{"name":"wp","href":"https:\/\/api.w.org\/{rel}","templated":true}]}}