{"id":4348,"date":"2016-03-17T16:41:50","date_gmt":"2016-03-17T16:41:50","guid":{"rendered":"http:\/\/cna.org.ar\/?page_id=4348"},"modified":"2016-03-17T17:35:18","modified_gmt":"2016-03-17T17:35:18","slug":"un-proceso-historico-absolucion-al-ejecutor-del-genocida-turco-talaat-pasha","status":"publish","type":"page","link":"https:\/\/cna.org.ar\/index.php\/un-proceso-historico-absolucion-al-ejecutor-del-genocida-turco-talaat-pasha\/","title":{"rendered":"Un proceso hist\u00f3rico. Absoluci\u00f3n al ejecutor del genocida turco Talaat Pasha."},"content":{"rendered":"<p><a href=\"https:\/\/i0.wp.com\/cna.org.ar\/wp-content\/uploads\/2016\/02\/Proceso-tapa.jpg?ssl=1\"><img data-recalc-dims=\"1\" loading=\"lazy\" decoding=\"async\" class=\"alignleft size-medium wp-image-4334\" src=\"https:\/\/i0.wp.com\/cna.org.ar\/wp-content\/uploads\/2016\/02\/Proceso-tapa.jpg?resize=207%2C300&#038;ssl=1\" alt=\"Proceso tapa\" width=\"207\" height=\"300\" srcset=\"https:\/\/i0.wp.com\/cna.org.ar\/wp-content\/uploads\/2016\/02\/Proceso-tapa.jpg?resize=207%2C300&amp;ssl=1 207w, https:\/\/i0.wp.com\/cna.org.ar\/wp-content\/uploads\/2016\/02\/Proceso-tapa.jpg?resize=241%2C350&amp;ssl=1 241w, https:\/\/i0.wp.com\/cna.org.ar\/wp-content\/uploads\/2016\/02\/Proceso-tapa.jpg?w=410&amp;ssl=1 410w\" sizes=\"auto, (max-width: 207px) 100vw, 207px\" \/><\/a> <a href=\"https:\/\/i0.wp.com\/cna.org.ar\/wp-content\/uploads\/2016\/02\/proceso-contratapa.jpg?ssl=1\"><img data-recalc-dims=\"1\" loading=\"lazy\" decoding=\"async\" class=\"alignleft size-medium wp-image-4333\" src=\"https:\/\/i0.wp.com\/cna.org.ar\/wp-content\/uploads\/2016\/02\/proceso-contratapa.jpg?resize=192%2C300&#038;ssl=1\" alt=\"proceso contratapa\" width=\"192\" height=\"300\" srcset=\"https:\/\/i0.wp.com\/cna.org.ar\/wp-content\/uploads\/2016\/02\/proceso-contratapa.jpg?resize=192%2C300&amp;ssl=1 192w, https:\/\/i0.wp.com\/cna.org.ar\/wp-content\/uploads\/2016\/02\/proceso-contratapa.jpg?resize=224%2C350&amp;ssl=1 224w, https:\/\/i0.wp.com\/cna.org.ar\/wp-content\/uploads\/2016\/02\/proceso-contratapa.jpg?w=380&amp;ssl=1 380w\" sizes=\"auto, (max-width: 192px) 100vw, 192px\" \/><\/a><\/p>\n<p>&nbsp;<\/p>\n<p>&nbsp;<\/p>\n<p>&nbsp;<\/p>\n<p>&nbsp;<\/p>\n<p>&nbsp;<\/p>\n<p>&nbsp;<\/p>\n<p>&nbsp;<\/p>\n<p>&nbsp;<\/p>\n<p><strong>Zaffaroni, Eugenio Ra\u00fal (Estudio preliminar). \u201cUn proceso hist\u00f3rico. Absoluci\u00f3n al ejecutor del genocida turco Talaat Pasha\u201d, Ediar, Buenos Aires, 2012<\/strong><\/p>\n<p>Pero \u00bfestos hechos han ocurrido realmente? \u00bfEs que una naci\u00f3n entera fue condenada a muerte y asesinados cientos y cientos de miles de inocentes?<\/p>\n<p>Al compenetrarse de esta historia la indignaci\u00f3n crece incontenible. La dignidad con que los alemanes que condujeron el proceso aceptan y condenan su culpa, reconforta. Ocupan en el \u00e1nimo del lector un lugar cercano en el afecto al lugar que ocupan los armenios, v\u00edctimas injustas del monstruoso genocidio. Pero el plan genocida se perpetr\u00f3 a partir de 1915, el proceso en 1921 y estamos en 2012. \u00bfQu\u00e9 desenlace tuvo la tragedia? \u00bfQu\u00e9 derechos humanos fueron reconocidos? En 1915 los turcos se lanzaron al crimen, atacaron a los armenios (sus s\u00fabditos) y los eliminaron. Por casualidad la matanza no fue total, pero tanto hubiera dado. No pas\u00f3 nada. No se castig\u00f3 a los responsables, no hubo arrepentimiento, el pueblo armenio no fue indemnizado y sus tierras siguen usurpadas.<\/p>\n<p>El lector que no tiene sangre armenia y pertenece a naciones que fueron testigos del genocidio siente profundamente el horror y la verg\u00fcenza ante el silencio de casi un siglo sobre el hecho. Una lecci\u00f3n se desprende: tales cr\u00edmenes son posibles impunemente.<\/p>\n<p>La reedici\u00f3n de \u201cUn proceso hist\u00f3rico\u201d, a casi cuatro d\u00e9cadas de su primera aparici\u00f3n en espa\u00f1ol, nos ofrece hoy una versi\u00f3n actualizada y enriquecida con el Estudio preliminar del Dr. Eugenio Ra\u00fal Zaffaroni y el aporte de destacadas personalidades del \u00e1mbito de la Historia y del Derecho, tales como Osvaldo Bayer, Daniel Rafecas, Carlos Rozanski y Leopoldo Schiffrin, quienes aportan su visi\u00f3n acerca de semejante hecho hist\u00f3rico y jur\u00eddico sin precedentes.<\/p>\n<p><em><a href=\"https:\/\/cna.org.ar\/index.php\/biblioteca-del-cna\/\">Volver a la p\u00e1gina anterior<\/a><\/em><\/p>\n","protected":false},"excerpt":{"rendered":"<p>&nbsp; &nbsp; &nbsp; &nbsp; &nbsp; &nbsp; &nbsp; &nbsp; Zaffaroni, Eugenio Ra\u00fal (Estudio preliminar). \u201cUn proceso hist\u00f3rico. Absoluci\u00f3n al ejecutor del genocida turco Talaat Pasha\u201d, Ediar, Buenos Aires, 2012 Pero \u00bfestos hechos han ocurrido realmente? \u00bfEs que una naci\u00f3n entera fue condenada a muerte y asesinados cientos y cientos de miles de inocentes? Al compenetrarse de [&hellip;]<\/p>\n","protected":false},"author":1,"featured_media":0,"parent":0,"menu_order":0,"comment_status":"closed","ping_status":"closed","template":"","meta":{"site-sidebar-layout":"default","site-content-layout":"","ast-site-content-layout":"default","site-content-style":"default","site-sidebar-style":"default","ast-global-header-display":"","ast-banner-title-visibility":"","ast-main-header-display":"","ast-hfb-above-header-display":"","ast-hfb-below-header-display":"","ast-hfb-mobile-header-display":"","site-post-title":"","ast-breadcrumbs-content":"","ast-featured-img":"","footer-sml-layout":"","theme-transparent-header-meta":"","adv-header-id-meta":"","stick-header-meta":"","header-above-stick-meta":"","header-main-stick-meta":"","header-below-stick-meta":"","astra-migrate-meta-layouts":"default","ast-page-background-enabled":"default","ast-page-background-meta":{"desktop":{"background-color":"var(--ast-global-color-4)","background-image":"","background-repeat":"repeat","background-position":"center center","background-size":"auto","background-attachment":"scroll","background-type":"","background-media":"","overlay-type":"","overlay-color":"","overlay-opacity":"","overlay-gradient":""},"tablet":{"background-color":"","background-image":"","background-repeat":"repeat","background-position":"center center","background-size":"auto","background-attachment":"scroll","background-type":"","background-media":"","overlay-type":"","overlay-color":"","overlay-opacity":"","overlay-gradient":""},"mobile":{"background-color":"","background-image":"","background-repeat":"repeat","background-position":"center center","background-size":"auto","background-attachment":"scroll","background-type":"","background-media":"","overlay-type":"","overlay-color":"","overlay-opacity":"","overlay-gradient":""}},"ast-content-background-meta":{"desktop":{"background-color":"var(--ast-global-color-5)","background-image":"","background-repeat":"repeat","background-position":"center center","background-size":"auto","background-attachment":"scroll","background-type":"","background-media":"","overlay-type":"","overlay-color":"","overlay-opacity":"","overlay-gradient":""},"tablet":{"background-color":"var(--ast-global-color-5)","background-image":"","background-repeat":"repeat","background-position":"center center","background-size":"auto","background-attachment":"scroll","background-type":"","background-media":"","overlay-type":"","overlay-color":"","overlay-opacity":"","overlay-gradient":""},"mobile":{"background-color":"var(--ast-global-color-5)","background-image":"","background-repeat":"repeat","background-position":"center center","background-size":"auto","background-attachment":"scroll","background-type":"","background-media":"","overlay-type":"","overlay-color":"","overlay-opacity":"","overlay-gradient":""}},"footnotes":""},"class_list":["post-4348","page","type-page","status-publish","hentry"],"jetpack_sharing_enabled":true,"_links":{"self":[{"href":"https:\/\/cna.org.ar\/index.php\/wp-json\/wp\/v2\/pages\/4348","targetHints":{"allow":["GET"]}}],"collection":[{"href":"https:\/\/cna.org.ar\/index.php\/wp-json\/wp\/v2\/pages"}],"about":[{"href":"https:\/\/cna.org.ar\/index.php\/wp-json\/wp\/v2\/types\/page"}],"author":[{"embeddable":true,"href":"https:\/\/cna.org.ar\/index.php\/wp-json\/wp\/v2\/users\/1"}],"replies":[{"embeddable":true,"href":"https:\/\/cna.org.ar\/index.php\/wp-json\/wp\/v2\/comments?post=4348"}],"version-history":[{"count":4,"href":"https:\/\/cna.org.ar\/index.php\/wp-json\/wp\/v2\/pages\/4348\/revisions"}],"predecessor-version":[{"id":4634,"href":"https:\/\/cna.org.ar\/index.php\/wp-json\/wp\/v2\/pages\/4348\/revisions\/4634"}],"wp:attachment":[{"href":"https:\/\/cna.org.ar\/index.php\/wp-json\/wp\/v2\/media?parent=4348"}],"curies":[{"name":"wp","href":"https:\/\/api.w.org\/{rel}","templated":true}]}}