{"id":4352,"date":"2016-03-17T16:38:21","date_gmt":"2016-03-17T16:38:21","guid":{"rendered":"http:\/\/cna.org.ar\/?page_id=4352"},"modified":"2016-03-17T17:30:51","modified_gmt":"2016-03-17T17:30:51","slug":"el-genocidio-contra-los-armenios-1915-1923-y-la-relevancia-de-la-convencion-de-1948-para-la-prevencion-y-la-sancion-del-delito-de-genocidio","status":"publish","type":"page","link":"https:\/\/cna.org.ar\/index.php\/el-genocidio-contra-los-armenios-1915-1923-y-la-relevancia-de-la-convencion-de-1948-para-la-prevencion-y-la-sancion-del-delito-de-genocidio\/","title":{"rendered":"El Genocidio contra los Armenios 1915-1923 y la relevancia de la Convenci\u00f3n de 1948 para la Prevenci\u00f3n y la Sanci\u00f3n del Delito de Genocidio"},"content":{"rendered":"<p><a href=\"https:\/\/i0.wp.com\/cna.org.ar\/wp-content\/uploads\/2016\/02\/Zayas-2.jpg?ssl=1\"><img data-recalc-dims=\"1\" loading=\"lazy\" decoding=\"async\" class=\"alignleft size-medium wp-image-4343\" src=\"https:\/\/i0.wp.com\/cna.org.ar\/wp-content\/uploads\/2016\/02\/Zayas-2.jpg?resize=214%2C300&#038;ssl=1\" alt=\"Zayas 2\" width=\"214\" height=\"300\" srcset=\"https:\/\/i0.wp.com\/cna.org.ar\/wp-content\/uploads\/2016\/02\/Zayas-2.jpg?resize=214%2C300&amp;ssl=1 214w, https:\/\/i0.wp.com\/cna.org.ar\/wp-content\/uploads\/2016\/02\/Zayas-2.jpg?resize=732%2C1024&amp;ssl=1 732w, https:\/\/i0.wp.com\/cna.org.ar\/wp-content\/uploads\/2016\/02\/Zayas-2.jpg?resize=250%2C350&amp;ssl=1 250w, https:\/\/i0.wp.com\/cna.org.ar\/wp-content\/uploads\/2016\/02\/Zayas-2.jpg?w=1181&amp;ssl=1 1181w\" sizes=\"auto, (max-width: 214px) 100vw, 214px\" \/><img data-recalc-dims=\"1\" loading=\"lazy\" decoding=\"async\" class=\"alignleft size-medium wp-image-4353\" src=\"https:\/\/i0.wp.com\/cna.org.ar\/wp-content\/uploads\/2016\/02\/zayas-contratapa.jpg?resize=213%2C300&#038;ssl=1\" alt=\"zayas contratapa\" width=\"213\" height=\"300\" srcset=\"https:\/\/i0.wp.com\/cna.org.ar\/wp-content\/uploads\/2016\/02\/zayas-contratapa.jpg?resize=213%2C300&amp;ssl=1 213w, https:\/\/i0.wp.com\/cna.org.ar\/wp-content\/uploads\/2016\/02\/zayas-contratapa.jpg?resize=248%2C350&amp;ssl=1 248w, https:\/\/i0.wp.com\/cna.org.ar\/wp-content\/uploads\/2016\/02\/zayas-contratapa.jpg?w=463&amp;ssl=1 463w\" sizes=\"auto, (max-width: 213px) 100vw, 213px\" \/><br \/>\n<\/a><\/p>\n<p>&nbsp;<\/p>\n<p>&nbsp;<\/p>\n<p>&nbsp;<\/p>\n<p>&nbsp;<\/p>\n<p>&nbsp;<\/p>\n<p>&nbsp;<\/p>\n<p>&nbsp;<\/p>\n<p>&nbsp;<\/p>\n<p><strong>De Zayas, Alfred. \u201cEl Genocidio contra los Armenios 1915-1923 y la relevancia de la Convenci\u00f3n de 1948 para la Prevenci\u00f3n y la Sanci\u00f3n del Delito de Genocidio\u201d, Cat\u00e1logos y Consejo Nacional Armenio, Buenos Aires, 2009<\/strong><\/p>\n<p>La comunidad internacional no ha logrado a\u00fan generar mecanismos eficaces que contribuyan a la prevenci\u00f3n de nuevos genocidios, no obstante, en los \u00faltimos a\u00f1os, la creaci\u00f3n de la Corte Penal Internacional y la irrupci\u00f3n del Derecho a la Verdad como un derecho fundamental permiten alentar la esperanza que la impunidad y el olvido no generar\u00e1n condiciones para nuevos genocidios y se condenar\u00e1n cr\u00edmenes de lesa humanidad.<\/p>\n<p>Esta obra jur\u00eddica realizada por el destacado jurista internacional, profesor em\u00e9rito de diversas universidades y experto en derechos humanos de la ONU, Dr. Alfred de Zayas, denominado \u201cEl Genocidio contra los Armenios 1915-1923 y la relevancia de la Convenci\u00f3n de 1948 para la Prevenci\u00f3n y la Sanci\u00f3n del Delito de Genocidio\u201d, constituye desde el Derecho un aporte indiscutible para la comprensi\u00f3n e inclusi\u00f3n del crimen contra la naci\u00f3n armenia dentro del tipo penal \u201cGenocidio\u201d de acuerdo con la Convenci\u00f3n de 1948.<\/p>\n<p>El valor de este trabajo reside en el minucioso an\u00e1lisis jur\u00eddico realizado por el profesor de Zayas en aras a una soluci\u00f3n de este delito imprescriptible.<\/p>\n<p><em><a href=\"https:\/\/cna.org.ar\/index.php\/biblioteca-del-cna\/\">Volver a la p\u00e1gina anterior<\/a><\/em><\/p>\n","protected":false},"excerpt":{"rendered":"<p>&nbsp; &nbsp; &nbsp; &nbsp; &nbsp; &nbsp; &nbsp; &nbsp; De Zayas, Alfred. \u201cEl Genocidio contra los Armenios 1915-1923 y la relevancia de la Convenci\u00f3n de 1948 para la Prevenci\u00f3n y la Sanci\u00f3n del Delito de Genocidio\u201d, Cat\u00e1logos y Consejo Nacional Armenio, Buenos Aires, 2009 La comunidad internacional no ha logrado a\u00fan generar mecanismos eficaces que contribuyan [&hellip;]<\/p>\n","protected":false},"author":1,"featured_media":0,"parent":0,"menu_order":0,"comment_status":"closed","ping_status":"closed","template":"","meta":{"site-sidebar-layout":"default","site-content-layout":"","ast-site-content-layout":"default","site-content-style":"default","site-sidebar-style":"default","ast-global-header-display":"","ast-banner-title-visibility":"","ast-main-header-display":"","ast-hfb-above-header-display":"","ast-hfb-below-header-display":"","ast-hfb-mobile-header-display":"","site-post-title":"","ast-breadcrumbs-content":"","ast-featured-img":"","footer-sml-layout":"","theme-transparent-header-meta":"","adv-header-id-meta":"","stick-header-meta":"","header-above-stick-meta":"","header-main-stick-meta":"","header-below-stick-meta":"","astra-migrate-meta-layouts":"default","ast-page-background-enabled":"default","ast-page-background-meta":{"desktop":{"background-color":"var(--ast-global-color-4)","background-image":"","background-repeat":"repeat","background-position":"center center","background-size":"auto","background-attachment":"scroll","background-type":"","background-media":"","overlay-type":"","overlay-color":"","overlay-opacity":"","overlay-gradient":""},"tablet":{"background-color":"","background-image":"","background-repeat":"repeat","background-position":"center center","background-size":"auto","background-attachment":"scroll","background-type":"","background-media":"","overlay-type":"","overlay-color":"","overlay-opacity":"","overlay-gradient":""},"mobile":{"background-color":"","background-image":"","background-repeat":"repeat","background-position":"center center","background-size":"auto","background-attachment":"scroll","background-type":"","background-media":"","overlay-type":"","overlay-color":"","overlay-opacity":"","overlay-gradient":""}},"ast-content-background-meta":{"desktop":{"background-color":"var(--ast-global-color-5)","background-image":"","background-repeat":"repeat","background-position":"center center","background-size":"auto","background-attachment":"scroll","background-type":"","background-media":"","overlay-type":"","overlay-color":"","overlay-opacity":"","overlay-gradient":""},"tablet":{"background-color":"var(--ast-global-color-5)","background-image":"","background-repeat":"repeat","background-position":"center center","background-size":"auto","background-attachment":"scroll","background-type":"","background-media":"","overlay-type":"","overlay-color":"","overlay-opacity":"","overlay-gradient":""},"mobile":{"background-color":"var(--ast-global-color-5)","background-image":"","background-repeat":"repeat","background-position":"center center","background-size":"auto","background-attachment":"scroll","background-type":"","background-media":"","overlay-type":"","overlay-color":"","overlay-opacity":"","overlay-gradient":""}},"footnotes":""},"class_list":["post-4352","page","type-page","status-publish","hentry"],"jetpack_sharing_enabled":true,"_links":{"self":[{"href":"https:\/\/cna.org.ar\/index.php\/wp-json\/wp\/v2\/pages\/4352","targetHints":{"allow":["GET"]}}],"collection":[{"href":"https:\/\/cna.org.ar\/index.php\/wp-json\/wp\/v2\/pages"}],"about":[{"href":"https:\/\/cna.org.ar\/index.php\/wp-json\/wp\/v2\/types\/page"}],"author":[{"embeddable":true,"href":"https:\/\/cna.org.ar\/index.php\/wp-json\/wp\/v2\/users\/1"}],"replies":[{"embeddable":true,"href":"https:\/\/cna.org.ar\/index.php\/wp-json\/wp\/v2\/comments?post=4352"}],"version-history":[{"count":3,"href":"https:\/\/cna.org.ar\/index.php\/wp-json\/wp\/v2\/pages\/4352\/revisions"}],"predecessor-version":[{"id":4624,"href":"https:\/\/cna.org.ar\/index.php\/wp-json\/wp\/v2\/pages\/4352\/revisions\/4624"}],"wp:attachment":[{"href":"https:\/\/cna.org.ar\/index.php\/wp-json\/wp\/v2\/media?parent=4352"}],"curies":[{"name":"wp","href":"https:\/\/api.w.org\/{rel}","templated":true}]}}