{"id":4356,"date":"2016-03-17T16:41:36","date_gmt":"2016-03-17T16:41:36","guid":{"rendered":"http:\/\/cna.org.ar\/?page_id=4356"},"modified":"2016-03-17T17:34:47","modified_gmt":"2016-03-17T17:34:47","slug":"tras-el-velo-de-los-derechos-humanos-turquia-y-sus-aspiraciones-a-la-union-europea","status":"publish","type":"page","link":"https:\/\/cna.org.ar\/index.php\/tras-el-velo-de-los-derechos-humanos-turquia-y-sus-aspiraciones-a-la-union-europea\/","title":{"rendered":"Tras el velo de los Derechos Humanos. Turqu\u00eda y sus aspiraciones a la Uni\u00f3n Europea."},"content":{"rendered":"<p><strong><a href=\"https:\/\/i0.wp.com\/cna.org.ar\/wp-content\/uploads\/2016\/02\/rupi-tapa.jpg?ssl=1\"><img data-recalc-dims=\"1\" loading=\"lazy\" decoding=\"async\" class=\"alignleft size-medium wp-image-4340\" src=\"https:\/\/i0.wp.com\/cna.org.ar\/wp-content\/uploads\/2016\/02\/rupi-tapa.jpg?resize=191%2C300&#038;ssl=1\" alt=\"rupi tapa\" width=\"191\" height=\"300\" srcset=\"https:\/\/i0.wp.com\/cna.org.ar\/wp-content\/uploads\/2016\/02\/rupi-tapa.jpg?resize=191%2C300&amp;ssl=1 191w, https:\/\/i0.wp.com\/cna.org.ar\/wp-content\/uploads\/2016\/02\/rupi-tapa.jpg?resize=223%2C350&amp;ssl=1 223w, https:\/\/i0.wp.com\/cna.org.ar\/wp-content\/uploads\/2016\/02\/rupi-tapa.jpg?w=422&amp;ssl=1 422w\" sizes=\"auto, (max-width: 191px) 100vw, 191px\" \/><\/a> <a href=\"https:\/\/i0.wp.com\/cna.org.ar\/wp-content\/uploads\/2016\/02\/rupi-contratapa.jpg?ssl=1\"><img data-recalc-dims=\"1\" loading=\"lazy\" decoding=\"async\" class=\"alignleft size-medium wp-image-4339\" src=\"https:\/\/i0.wp.com\/cna.org.ar\/wp-content\/uploads\/2016\/02\/rupi-contratapa.jpg?resize=189%2C300&#038;ssl=1\" alt=\"rupi contratapa\" width=\"189\" height=\"300\" srcset=\"https:\/\/i0.wp.com\/cna.org.ar\/wp-content\/uploads\/2016\/02\/rupi-contratapa.jpg?resize=189%2C300&amp;ssl=1 189w, https:\/\/i0.wp.com\/cna.org.ar\/wp-content\/uploads\/2016\/02\/rupi-contratapa.jpg?resize=221%2C350&amp;ssl=1 221w, https:\/\/i0.wp.com\/cna.org.ar\/wp-content\/uploads\/2016\/02\/rupi-contratapa.jpg?w=394&amp;ssl=1 394w\" sizes=\"auto, (max-width: 189px) 100vw, 189px\" \/><\/a><\/strong><\/p>\n<p>&nbsp;<\/p>\n<p>&nbsp;<\/p>\n<p>&nbsp;<\/p>\n<p>&nbsp;<\/p>\n<p>&nbsp;<\/p>\n<p>&nbsp;<\/p>\n<p>&nbsp;<\/p>\n<p>&nbsp;<\/p>\n<p><strong>Nalpatian, Luciana Rupina. \u00abTras el velo de los Derechos Humanos. Turqu\u00eda y sus aspiraciones a la Uni\u00f3n Europea\u00bb. Editorial Teseo, Buenos Aires, 2015<\/strong><\/p>\n<p>Las negociaciones de adhesi\u00f3n entre la Rep\u00fablica de Turqu\u00eda y la Uni\u00f3n europea poseen cincuenta largos a\u00f1os de historia.<\/p>\n<div>La normativa turca que regula <span class=\"il\">el<\/span> ejercicio de los derechos humanos ha merecido serios cuestionamientos legales y pol\u00edticos por parte de las instituciones europeas que velan por la promoci\u00f3n de la democracia, la protecci\u00f3n de los derechos humanos y <span class=\"il\">el<\/span> fortalecimiento del Estado de Derecho en todo <span class=\"il\">el<\/span> mundo. La insatisfactoria tutela que a\u00fan posee <span class=\"il\">el<\/span> pa\u00eds candidato, conforme a los Criterios de Copenahue, ha hecho levantar la voz tanto de organismos internacionales como de organizaciones no gubernamentales alertando acerca del peligro al que se expone la sociedad turca cuando se busca silenciar a los defensores de los derechos humanos y reprimir violentamente todo aquello que se expresa discrepante del sistema socio-pol\u00edtico.<\/div>\n<div><\/div>\n<div>Las marchas y contramarchas pol\u00edticas e institucionales en <span class=\"il\">el<\/span> camino de la apertura democr\u00e1tica y <span class=\"il\">el<\/span> libre ejercicio de los derechos esenciales del ser humano han provocado una profunda dilaci\u00f3n del proceso de adhesi\u00f3n, reteniendo a Turqu\u00eda en la puertas de la Uni\u00f3n Europea.<\/div>\n<div><\/div>\n<div>Estas consideraciones llevan a preguntarse de qu\u00e9 manera los derechos humanos condicionan la integraci\u00f3n de Turqu\u00eda a la Uni\u00f3n Europea.<\/div>\n<div><\/div>\n<div><em><a href=\"https:\/\/cna.org.ar\/index.php\/biblioteca-del-cna\/\">Volver a la p\u00e1gina anterior<\/a><\/em><\/div>\n","protected":false},"excerpt":{"rendered":"<p>&nbsp; &nbsp; &nbsp; &nbsp; &nbsp; &nbsp; &nbsp; &nbsp; Nalpatian, Luciana Rupina. \u00abTras el velo de los Derechos Humanos. Turqu\u00eda y sus aspiraciones a la Uni\u00f3n Europea\u00bb. Editorial Teseo, Buenos Aires, 2015 Las negociaciones de adhesi\u00f3n entre la Rep\u00fablica de Turqu\u00eda y la Uni\u00f3n europea poseen cincuenta largos a\u00f1os de historia. La normativa turca que regula [&hellip;]<\/p>\n","protected":false},"author":1,"featured_media":0,"parent":0,"menu_order":0,"comment_status":"closed","ping_status":"closed","template":"","meta":{"site-sidebar-layout":"default","site-content-layout":"","ast-site-content-layout":"default","site-content-style":"default","site-sidebar-style":"default","ast-global-header-display":"","ast-banner-title-visibility":"","ast-main-header-display":"","ast-hfb-above-header-display":"","ast-hfb-below-header-display":"","ast-hfb-mobile-header-display":"","site-post-title":"","ast-breadcrumbs-content":"","ast-featured-img":"","footer-sml-layout":"","theme-transparent-header-meta":"","adv-header-id-meta":"","stick-header-meta":"","header-above-stick-meta":"","header-main-stick-meta":"","header-below-stick-meta":"","astra-migrate-meta-layouts":"default","ast-page-background-enabled":"default","ast-page-background-meta":{"desktop":{"background-color":"var(--ast-global-color-4)","background-image":"","background-repeat":"repeat","background-position":"center center","background-size":"auto","background-attachment":"scroll","background-type":"","background-media":"","overlay-type":"","overlay-color":"","overlay-opacity":"","overlay-gradient":""},"tablet":{"background-color":"","background-image":"","background-repeat":"repeat","background-position":"center center","background-size":"auto","background-attachment":"scroll","background-type":"","background-media":"","overlay-type":"","overlay-color":"","overlay-opacity":"","overlay-gradient":""},"mobile":{"background-color":"","background-image":"","background-repeat":"repeat","background-position":"center center","background-size":"auto","background-attachment":"scroll","background-type":"","background-media":"","overlay-type":"","overlay-color":"","overlay-opacity":"","overlay-gradient":""}},"ast-content-background-meta":{"desktop":{"background-color":"var(--ast-global-color-5)","background-image":"","background-repeat":"repeat","background-position":"center center","background-size":"auto","background-attachment":"scroll","background-type":"","background-media":"","overlay-type":"","overlay-color":"","overlay-opacity":"","overlay-gradient":""},"tablet":{"background-color":"var(--ast-global-color-5)","background-image":"","background-repeat":"repeat","background-position":"center center","background-size":"auto","background-attachment":"scroll","background-type":"","background-media":"","overlay-type":"","overlay-color":"","overlay-opacity":"","overlay-gradient":""},"mobile":{"background-color":"var(--ast-global-color-5)","background-image":"","background-repeat":"repeat","background-position":"center center","background-size":"auto","background-attachment":"scroll","background-type":"","background-media":"","overlay-type":"","overlay-color":"","overlay-opacity":"","overlay-gradient":""}},"footnotes":""},"class_list":["post-4356","page","type-page","status-publish","hentry"],"jetpack_sharing_enabled":true,"_links":{"self":[{"href":"https:\/\/cna.org.ar\/index.php\/wp-json\/wp\/v2\/pages\/4356","targetHints":{"allow":["GET"]}}],"collection":[{"href":"https:\/\/cna.org.ar\/index.php\/wp-json\/wp\/v2\/pages"}],"about":[{"href":"https:\/\/cna.org.ar\/index.php\/wp-json\/wp\/v2\/types\/page"}],"author":[{"embeddable":true,"href":"https:\/\/cna.org.ar\/index.php\/wp-json\/wp\/v2\/users\/1"}],"replies":[{"embeddable":true,"href":"https:\/\/cna.org.ar\/index.php\/wp-json\/wp\/v2\/comments?post=4356"}],"version-history":[{"count":4,"href":"https:\/\/cna.org.ar\/index.php\/wp-json\/wp\/v2\/pages\/4356\/revisions"}],"predecessor-version":[{"id":4632,"href":"https:\/\/cna.org.ar\/index.php\/wp-json\/wp\/v2\/pages\/4356\/revisions\/4632"}],"wp:attachment":[{"href":"https:\/\/cna.org.ar\/index.php\/wp-json\/wp\/v2\/media?parent=4356"}],"curies":[{"name":"wp","href":"https:\/\/api.w.org\/{rel}","templated":true}]}}