{"id":4358,"date":"2016-03-17T16:39:12","date_gmt":"2016-03-17T16:39:12","guid":{"rendered":"http:\/\/cna.org.ar\/?page_id=4358"},"modified":"2016-03-17T17:34:13","modified_gmt":"2016-03-17T17:34:13","slug":"nagorno-karabagh-aspectos-legales","status":"publish","type":"page","link":"https:\/\/cna.org.ar\/index.php\/nagorno-karabagh-aspectos-legales\/","title":{"rendered":"Nagorno Karabagh. Aspectos Legales."},"content":{"rendered":"<p><a href=\"https:\/\/i0.wp.com\/cna.org.ar\/wp-content\/uploads\/2016\/02\/aspectos-contratapa.jpg?ssl=1\"><img data-recalc-dims=\"1\" loading=\"lazy\" decoding=\"async\" class=\"alignleft size-medium wp-image-4360\" src=\"https:\/\/i0.wp.com\/cna.org.ar\/wp-content\/uploads\/2016\/02\/aspectos-tapa.jpg?resize=202%2C300&#038;ssl=1\" alt=\"aspectos tapa\" width=\"202\" height=\"300\" srcset=\"https:\/\/i0.wp.com\/cna.org.ar\/wp-content\/uploads\/2016\/02\/aspectos-tapa.jpg?resize=202%2C300&amp;ssl=1 202w, https:\/\/i0.wp.com\/cna.org.ar\/wp-content\/uploads\/2016\/02\/aspectos-tapa.jpg?resize=236%2C350&amp;ssl=1 236w, https:\/\/i0.wp.com\/cna.org.ar\/wp-content\/uploads\/2016\/02\/aspectos-tapa.jpg?w=442&amp;ssl=1 442w\" sizes=\"auto, (max-width: 202px) 100vw, 202px\" \/><\/a><a href=\"https:\/\/i0.wp.com\/cna.org.ar\/wp-content\/uploads\/2016\/02\/aspectos-contratapa.jpg?ssl=1\"><img data-recalc-dims=\"1\" loading=\"lazy\" decoding=\"async\" class=\"alignleft size-medium wp-image-4359\" src=\"https:\/\/i0.wp.com\/cna.org.ar\/wp-content\/uploads\/2016\/02\/aspectos-contratapa.jpg?resize=203%2C300&#038;ssl=1\" alt=\"aspectos contratapa\" width=\"203\" height=\"300\" srcset=\"https:\/\/i0.wp.com\/cna.org.ar\/wp-content\/uploads\/2016\/02\/aspectos-contratapa.jpg?resize=203%2C300&amp;ssl=1 203w, https:\/\/i0.wp.com\/cna.org.ar\/wp-content\/uploads\/2016\/02\/aspectos-contratapa.jpg?resize=237%2C350&amp;ssl=1 237w, https:\/\/i0.wp.com\/cna.org.ar\/wp-content\/uploads\/2016\/02\/aspectos-contratapa.jpg?w=444&amp;ssl=1 444w\" sizes=\"auto, (max-width: 203px) 100vw, 203px\" \/><\/a><\/p>\n<p>&nbsp;<\/p>\n<p>&nbsp;<\/p>\n<p>&nbsp;<\/p>\n<p>&nbsp;<\/p>\n<p>&nbsp;<\/p>\n<p>&nbsp;<\/p>\n<p>&nbsp;<\/p>\n<p>&nbsp;<\/p>\n<p><strong>Avakian, Shahen. \u201cNagorno Karabagh. Aspectos Legales\u201d, Karamanian, Alejandra (trad.), Fundaci\u00f3n Consejo Nacional Armenio, Buenos Aires, 2014<\/strong><\/p>\n<p>Este estudio comprende los aspectos legales del conflicto de Nagorno Karabagh. Analiza los temas del Derecho respecto a c\u00f3mo afectan el estatus jur\u00eddico de la Rep\u00fablica de Nagorno Karapagh.<\/p>\n<p>El conflicto pol\u00edtico entre Erev\u00e1n y Bak\u00fa data de 1918, cuando por primera vez en la historia, un Estado llamado Azerbaiy\u00e1n fue fundado en virtud de la disoluci\u00f3n del Imperio Ruso. Nunca antes en la historia tuvo Azerbaiy\u00e1n soberan\u00eda sobre la regi\u00f3n de Nagorno Karabagh. Para el a\u00f1o 1920 cuando el ej\u00e9rcito sovi\u00e9tico ocupa Azerbaiy\u00e1n y Armenia, Nagorno Karabagh formaba parte de la Rep\u00fablica de Armenia. Sin embargo, en el a\u00f1o 1921 por una arbitraria decisi\u00f3n de Stalin, Karabagh se convirti\u00f3 en una regi\u00f3n aut\u00f3noma en la Azerbaiy\u00e1n sovi\u00e9tica con poblaci\u00f3n mayoritaria armenia.<\/p>\n<p>El conflicto cobr\u00f3 vigencia en 1988 y gradualmente escal\u00f3 hacia una confrontaci\u00f3n armada cuando Azerbaiy\u00e1n respondi\u00f3 de forma violenta ante la b\u00fasqueda popular pac\u00edfica de la reunificaci\u00f3n de \u00a0Nagorno Karabagh con Armenia. En mayo de 1994 se acord\u00f3 un r\u00e9gimen de alto el fuego firmado por representantes de las Rep\u00fablicas de Armenia, de Azerbaiy\u00e1n y de Nagorno Karabagh, el que es permanentemente violado por los azer\u00edes.<\/p>\n<p>En 1991 mediante un refer\u00e9ndum se fund\u00f3 la Rep\u00fablica de Nagorno Karabagh, se inici\u00f3 el proceso de independencia y logr\u00f3 constituirse como una Rep\u00fablica con todas las instituciones democr\u00e1ticas de un Estado de derecho.<\/p>\n<p><em><a href=\"https:\/\/cna.org.ar\/index.php\/biblioteca-del-cna\/\">Volver a la p\u00e1gina anterior<\/a><\/em><\/p>\n","protected":false},"excerpt":{"rendered":"<p>&nbsp; &nbsp; &nbsp; &nbsp; &nbsp; &nbsp; &nbsp; &nbsp; Avakian, Shahen. \u201cNagorno Karabagh. Aspectos Legales\u201d, Karamanian, Alejandra (trad.), Fundaci\u00f3n Consejo Nacional Armenio, Buenos Aires, 2014 Este estudio comprende los aspectos legales del conflicto de Nagorno Karabagh. Analiza los temas del Derecho respecto a c\u00f3mo afectan el estatus jur\u00eddico de la Rep\u00fablica de Nagorno Karapagh. El conflicto [&hellip;]<\/p>\n","protected":false},"author":1,"featured_media":0,"parent":0,"menu_order":0,"comment_status":"closed","ping_status":"closed","template":"","meta":{"site-sidebar-layout":"default","site-content-layout":"","ast-site-content-layout":"default","site-content-style":"default","site-sidebar-style":"default","ast-global-header-display":"","ast-banner-title-visibility":"","ast-main-header-display":"","ast-hfb-above-header-display":"","ast-hfb-below-header-display":"","ast-hfb-mobile-header-display":"","site-post-title":"","ast-breadcrumbs-content":"","ast-featured-img":"","footer-sml-layout":"","theme-transparent-header-meta":"","adv-header-id-meta":"","stick-header-meta":"","header-above-stick-meta":"","header-main-stick-meta":"","header-below-stick-meta":"","astra-migrate-meta-layouts":"default","ast-page-background-enabled":"default","ast-page-background-meta":{"desktop":{"background-color":"var(--ast-global-color-4)","background-image":"","background-repeat":"repeat","background-position":"center center","background-size":"auto","background-attachment":"scroll","background-type":"","background-media":"","overlay-type":"","overlay-color":"","overlay-opacity":"","overlay-gradient":""},"tablet":{"background-color":"","background-image":"","background-repeat":"repeat","background-position":"center center","background-size":"auto","background-attachment":"scroll","background-type":"","background-media":"","overlay-type":"","overlay-color":"","overlay-opacity":"","overlay-gradient":""},"mobile":{"background-color":"","background-image":"","background-repeat":"repeat","background-position":"center center","background-size":"auto","background-attachment":"scroll","background-type":"","background-media":"","overlay-type":"","overlay-color":"","overlay-opacity":"","overlay-gradient":""}},"ast-content-background-meta":{"desktop":{"background-color":"var(--ast-global-color-5)","background-image":"","background-repeat":"repeat","background-position":"center center","background-size":"auto","background-attachment":"scroll","background-type":"","background-media":"","overlay-type":"","overlay-color":"","overlay-opacity":"","overlay-gradient":""},"tablet":{"background-color":"var(--ast-global-color-5)","background-image":"","background-repeat":"repeat","background-position":"center center","background-size":"auto","background-attachment":"scroll","background-type":"","background-media":"","overlay-type":"","overlay-color":"","overlay-opacity":"","overlay-gradient":""},"mobile":{"background-color":"var(--ast-global-color-5)","background-image":"","background-repeat":"repeat","background-position":"center center","background-size":"auto","background-attachment":"scroll","background-type":"","background-media":"","overlay-type":"","overlay-color":"","overlay-opacity":"","overlay-gradient":""}},"footnotes":""},"class_list":["post-4358","page","type-page","status-publish","hentry"],"jetpack_sharing_enabled":true,"_links":{"self":[{"href":"https:\/\/cna.org.ar\/index.php\/wp-json\/wp\/v2\/pages\/4358","targetHints":{"allow":["GET"]}}],"collection":[{"href":"https:\/\/cna.org.ar\/index.php\/wp-json\/wp\/v2\/pages"}],"about":[{"href":"https:\/\/cna.org.ar\/index.php\/wp-json\/wp\/v2\/types\/page"}],"author":[{"embeddable":true,"href":"https:\/\/cna.org.ar\/index.php\/wp-json\/wp\/v2\/users\/1"}],"replies":[{"embeddable":true,"href":"https:\/\/cna.org.ar\/index.php\/wp-json\/wp\/v2\/comments?post=4358"}],"version-history":[{"count":4,"href":"https:\/\/cna.org.ar\/index.php\/wp-json\/wp\/v2\/pages\/4358\/revisions"}],"predecessor-version":[{"id":4630,"href":"https:\/\/cna.org.ar\/index.php\/wp-json\/wp\/v2\/pages\/4358\/revisions\/4630"}],"wp:attachment":[{"href":"https:\/\/cna.org.ar\/index.php\/wp-json\/wp\/v2\/media?parent=4358"}],"curies":[{"name":"wp","href":"https:\/\/api.w.org\/{rel}","templated":true}]}}