{"id":4366,"date":"2016-03-17T16:39:02","date_gmt":"2016-03-17T16:39:02","guid":{"rendered":"http:\/\/cna.org.ar\/?page_id=4366"},"modified":"2016-07-19T18:56:47","modified_gmt":"2016-07-19T18:56:47","slug":"fethullah-gulen","status":"publish","type":"page","link":"https:\/\/cna.org.ar\/index.php\/fethullah-gulen\/","title":{"rendered":"Fethullah G\u00fclen"},"content":{"rendered":"<p><a href=\"https:\/\/i0.wp.com\/cna.org.ar\/wp-content\/uploads\/2016\/02\/fethullah-tapa.jpg?ssl=1\"><img data-recalc-dims=\"1\" loading=\"lazy\" decoding=\"async\" class=\"alignleft size-medium wp-image-4328\" src=\"https:\/\/i0.wp.com\/cna.org.ar\/wp-content\/uploads\/2016\/02\/fethullah-tapa.jpg?resize=199%2C300&#038;ssl=1\" alt=\"fethullah tapa\" width=\"199\" height=\"300\" srcset=\"https:\/\/i0.wp.com\/cna.org.ar\/wp-content\/uploads\/2016\/02\/fethullah-tapa.jpg?resize=199%2C300&amp;ssl=1 199w, https:\/\/i0.wp.com\/cna.org.ar\/wp-content\/uploads\/2016\/02\/fethullah-tapa.jpg?resize=233%2C350&amp;ssl=1 233w, https:\/\/i0.wp.com\/cna.org.ar\/wp-content\/uploads\/2016\/02\/fethullah-tapa.jpg?w=491&amp;ssl=1 491w\" sizes=\"auto, (max-width: 199px) 100vw, 199px\" \/><\/a> <a href=\"https:\/\/i0.wp.com\/cna.org.ar\/wp-content\/uploads\/2016\/02\/fethaullah-contratapa.jpg?ssl=1\"><img data-recalc-dims=\"1\" loading=\"lazy\" decoding=\"async\" class=\"alignleft size-medium wp-image-4327\" src=\"https:\/\/i0.wp.com\/cna.org.ar\/wp-content\/uploads\/2016\/02\/fethaullah-contratapa.jpg?resize=200%2C300&#038;ssl=1\" alt=\"fethaullah contratapa\" width=\"200\" height=\"300\" srcset=\"https:\/\/i0.wp.com\/cna.org.ar\/wp-content\/uploads\/2016\/02\/fethaullah-contratapa.jpg?resize=200%2C300&amp;ssl=1 200w, https:\/\/i0.wp.com\/cna.org.ar\/wp-content\/uploads\/2016\/02\/fethaullah-contratapa.jpg?resize=234%2C350&amp;ssl=1 234w, https:\/\/i0.wp.com\/cna.org.ar\/wp-content\/uploads\/2016\/02\/fethaullah-contratapa.jpg?w=476&amp;ssl=1 476w\" sizes=\"auto, (max-width: 200px) 100vw, 200px\" \/><\/a><\/p>\n<p>&nbsp;<\/p>\n<p>&nbsp;<\/p>\n<p>&nbsp;<\/p>\n<p>&nbsp;<\/p>\n<p>&nbsp;<\/p>\n<p>&nbsp;<\/p>\n<p>&nbsp;<\/p>\n<p>&nbsp;<\/p>\n<p><strong>Kendikian, Pablo. \u00abFethullah G\u00fclen\u00bb. Ediciones Ciccus, Buenos Aires 2014<\/strong><\/p>\n<p>\u00ab&#8230; tenemos que avanzar en las arterias del sistema hasta llegar a todos los centros de poder, sin que nadie note nuestra existencia&#8230; aguardar el momento en que las condiciones est\u00e1n maduras. Si hacemos algo antes de tiempo, el mundo va a herir nuestra cabeza y todos los musulmanes sufriremos&#8230; Nuestro tiempo no ha llegado a\u00fan. Debemos esperar el momento y las condiciones adecuadas para conseguir llevar el mundo en nuestras espaldas. Esperar hasta haber acumulado todo el poder del Estado junto con el dominio de todas las instituciones constitucionales de Turqu\u00eda&#8230; La toma de cualquier tipo de medida seria un acto demasiado apresurado antes de que ese momento hubiese llegado. Ser\u00eda como romper un huevo sin esperar los cuarenta d\u00edas para su eclosi\u00f3n&#8230;\u00bb \u00a0 \u00a0 \u00a0 \u00a0 \u00a0 \u00a0 \u00a0 \u00a0 \u00a0 \u00a0 \u00a0Fethullah G\u00fclen, 1998<\/p>\n<p>Esta interesante investigaci\u00f3n period\u00edstica revela los alcances del movimiento fundado y dirigido por Fethullah G\u00fclen, uno de los predicadores m\u00e1s influyentes del Islam, con millones de seguidores en todo el mundo. Desde los EE. UU., lugar por \u00e9l elegido para su autoexilio, G\u00fclen manipula su amplia red de escuelas, empresas, instituciones financieras, y medios de comunicaci\u00f3n para llevar a cabo su proyecto de poder. Asia, Europa, \u00c1frica, Am\u00e9rica del Norte y Latinoamerica son sus campos de acci\u00f3n, ocupando la Argentina un lugar privilegiado. A trav\u00e9s de una copiosa recolecci\u00f3n de datos, Pablo Kendikian profundiza la silueta del hombre que se presenta a si mismo como un defensor del Islam moderado, educador y promotor del di\u00e1logo y la tolerancia, pero que entre tanto y desde las arterias del sistema ha formado una estructura paralela al poder pol\u00edtico dentro de Turqu\u00eda de consecuencias impredecibles.<\/p>\n<p>Tambi\u00e9n nos revela el modus operandi de una organizaci\u00f3n secreta y ultraconservadora con influencias econ\u00f3micas y pol\u00edticas a nivel internacional<\/p>\n<p><em><a href=\"https:\/\/cna.org.ar\/index.php\/biblioteca-del-cna\/\">Volver a la p\u00e1gina anterior<\/a><\/em><\/p>\n","protected":false},"excerpt":{"rendered":"<p>&nbsp; &nbsp; &nbsp; &nbsp; &nbsp; &nbsp; &nbsp; &nbsp; Kendikian, Pablo. \u00abFethullah G\u00fclen\u00bb. Ediciones Ciccus, Buenos Aires 2014 \u00ab&#8230; tenemos que avanzar en las arterias del sistema hasta llegar a todos los centros de poder, sin que nadie note nuestra existencia&#8230; aguardar el momento en que las condiciones est\u00e1n maduras. Si hacemos algo antes de tiempo, [&hellip;]<\/p>\n","protected":false},"author":1,"featured_media":0,"parent":0,"menu_order":0,"comment_status":"closed","ping_status":"closed","template":"","meta":{"site-sidebar-layout":"default","site-content-layout":"","ast-site-content-layout":"default","site-content-style":"default","site-sidebar-style":"default","ast-global-header-display":"","ast-banner-title-visibility":"","ast-main-header-display":"","ast-hfb-above-header-display":"","ast-hfb-below-header-display":"","ast-hfb-mobile-header-display":"","site-post-title":"","ast-breadcrumbs-content":"","ast-featured-img":"","footer-sml-layout":"","theme-transparent-header-meta":"","adv-header-id-meta":"","stick-header-meta":"","header-above-stick-meta":"","header-main-stick-meta":"","header-below-stick-meta":"","astra-migrate-meta-layouts":"default","ast-page-background-enabled":"default","ast-page-background-meta":{"desktop":{"background-color":"var(--ast-global-color-4)","background-image":"","background-repeat":"repeat","background-position":"center center","background-size":"auto","background-attachment":"scroll","background-type":"","background-media":"","overlay-type":"","overlay-color":"","overlay-opacity":"","overlay-gradient":""},"tablet":{"background-color":"","background-image":"","background-repeat":"repeat","background-position":"center center","background-size":"auto","background-attachment":"scroll","background-type":"","background-media":"","overlay-type":"","overlay-color":"","overlay-opacity":"","overlay-gradient":""},"mobile":{"background-color":"","background-image":"","background-repeat":"repeat","background-position":"center center","background-size":"auto","background-attachment":"scroll","background-type":"","background-media":"","overlay-type":"","overlay-color":"","overlay-opacity":"","overlay-gradient":""}},"ast-content-background-meta":{"desktop":{"background-color":"var(--ast-global-color-5)","background-image":"","background-repeat":"repeat","background-position":"center center","background-size":"auto","background-attachment":"scroll","background-type":"","background-media":"","overlay-type":"","overlay-color":"","overlay-opacity":"","overlay-gradient":""},"tablet":{"background-color":"var(--ast-global-color-5)","background-image":"","background-repeat":"repeat","background-position":"center center","background-size":"auto","background-attachment":"scroll","background-type":"","background-media":"","overlay-type":"","overlay-color":"","overlay-opacity":"","overlay-gradient":""},"mobile":{"background-color":"var(--ast-global-color-5)","background-image":"","background-repeat":"repeat","background-position":"center center","background-size":"auto","background-attachment":"scroll","background-type":"","background-media":"","overlay-type":"","overlay-color":"","overlay-opacity":"","overlay-gradient":""}},"footnotes":""},"class_list":["post-4366","page","type-page","status-publish","hentry"],"jetpack_sharing_enabled":true,"_links":{"self":[{"href":"https:\/\/cna.org.ar\/index.php\/wp-json\/wp\/v2\/pages\/4366","targetHints":{"allow":["GET"]}}],"collection":[{"href":"https:\/\/cna.org.ar\/index.php\/wp-json\/wp\/v2\/pages"}],"about":[{"href":"https:\/\/cna.org.ar\/index.php\/wp-json\/wp\/v2\/types\/page"}],"author":[{"embeddable":true,"href":"https:\/\/cna.org.ar\/index.php\/wp-json\/wp\/v2\/users\/1"}],"replies":[{"embeddable":true,"href":"https:\/\/cna.org.ar\/index.php\/wp-json\/wp\/v2\/comments?post=4366"}],"version-history":[{"count":3,"href":"https:\/\/cna.org.ar\/index.php\/wp-json\/wp\/v2\/pages\/4366\/revisions"}],"predecessor-version":[{"id":4627,"href":"https:\/\/cna.org.ar\/index.php\/wp-json\/wp\/v2\/pages\/4366\/revisions\/4627"}],"wp:attachment":[{"href":"https:\/\/cna.org.ar\/index.php\/wp-json\/wp\/v2\/media?parent=4366"}],"curies":[{"name":"wp","href":"https:\/\/api.w.org\/{rel}","templated":true}]}}