{"id":4368,"date":"2016-03-17T17:01:12","date_gmt":"2016-03-17T17:01:12","guid":{"rendered":"http:\/\/cna.org.ar\/?page_id=4368"},"modified":"2016-07-19T19:00:23","modified_gmt":"2016-07-19T19:00:23","slug":"biblioteca-del-cna","status":"publish","type":"page","link":"https:\/\/cna.org.ar\/index.php\/biblioteca-del-cna\/","title":{"rendered":"Libros"},"content":{"rendered":"<figure id=\"attachment_4336\" aria-describedby=\"caption-attachment-4336\" style=\"width: 150px\" class=\"wp-caption alignleft\"><a href=\"https:\/\/cna.org.ar\/?page_id=4364&amp;preview=true\"><img data-recalc-dims=\"1\" loading=\"lazy\" decoding=\"async\" class=\"wp-image-4336 size-thumbnail\" src=\"https:\/\/i0.wp.com\/cna.org.ar\/wp-content\/uploads\/2016\/02\/resolucion-tapa.jpg?resize=150%2C150&#038;ssl=1\" alt=\"RESOLUCI\u00d3N CON JUSTICIA. REPARACIONES POR EL GENOCIDIO ARMENIO\" width=\"150\" height=\"150\" srcset=\"https:\/\/i0.wp.com\/cna.org.ar\/wp-content\/uploads\/2016\/02\/resolucion-tapa.jpg?resize=150%2C150&amp;ssl=1 150w, https:\/\/i0.wp.com\/cna.org.ar\/wp-content\/uploads\/2016\/02\/resolucion-tapa.jpg?resize=36%2C36&amp;ssl=1 36w, https:\/\/i0.wp.com\/cna.org.ar\/wp-content\/uploads\/2016\/02\/resolucion-tapa.jpg?zoom=2&amp;resize=150%2C150&amp;ssl=1 300w, https:\/\/i0.wp.com\/cna.org.ar\/wp-content\/uploads\/2016\/02\/resolucion-tapa.jpg?zoom=3&amp;resize=150%2C150&amp;ssl=1 450w\" sizes=\"auto, (max-width: 150px) 100vw, 150px\" \/><\/a><figcaption id=\"caption-attachment-4336\" class=\"wp-caption-text\">Resoluci\u00f3n con Justicia. Reparaciones por el Genocidio Armenio<\/figcaption><\/figure>\n<figure id=\"attachment_4340\" aria-describedby=\"caption-attachment-4340\" style=\"width: 150px\" class=\"wp-caption alignleft\"><a href=\"https:\/\/cna.org.ar\/?page_id=4356&amp;preview=true\"><img data-recalc-dims=\"1\" loading=\"lazy\" decoding=\"async\" class=\"wp-image-4340 size-thumbnail\" src=\"https:\/\/i0.wp.com\/cna.org.ar\/wp-content\/uploads\/2016\/02\/rupi-tapa.jpg?resize=150%2C150&#038;ssl=1\" alt=\"TRAS EL VELO DE LOS DERECHOS HUMANOS. TURQU\u00cdA Y SUS ASPIRACIONES A LA UNI\u00d3N EUROPEA\" width=\"150\" height=\"150\" srcset=\"https:\/\/i0.wp.com\/cna.org.ar\/wp-content\/uploads\/2016\/02\/rupi-tapa.jpg?resize=150%2C150&amp;ssl=1 150w, https:\/\/i0.wp.com\/cna.org.ar\/wp-content\/uploads\/2016\/02\/rupi-tapa.jpg?resize=36%2C36&amp;ssl=1 36w, https:\/\/i0.wp.com\/cna.org.ar\/wp-content\/uploads\/2016\/02\/rupi-tapa.jpg?zoom=2&amp;resize=150%2C150&amp;ssl=1 300w\" sizes=\"auto, (max-width: 150px) 100vw, 150px\" \/><\/a><figcaption id=\"caption-attachment-4340\" class=\"wp-caption-text\">Tras el velo de los Derechos Humanos. Turqu\u00eda y sus aspiraciones a la U.E.<\/figcaption><\/figure>\n<figure id=\"attachment_4360\" aria-describedby=\"caption-attachment-4360\" style=\"width: 150px\" class=\"wp-caption alignleft\"><a href=\"https:\/\/cna.org.ar\/?page_id=4358&amp;preview=true\"><img data-recalc-dims=\"1\" loading=\"lazy\" decoding=\"async\" class=\"size-thumbnail wp-image-4360\" src=\"https:\/\/i0.wp.com\/cna.org.ar\/wp-content\/uploads\/2016\/02\/aspectos-tapa.jpg?resize=150%2C150&#038;ssl=1\" alt=\"Nagorno Karabagh. Aspectos Legales\" width=\"150\" height=\"150\" srcset=\"https:\/\/i0.wp.com\/cna.org.ar\/wp-content\/uploads\/2016\/02\/aspectos-tapa.jpg?resize=150%2C150&amp;ssl=1 150w, https:\/\/i0.wp.com\/cna.org.ar\/wp-content\/uploads\/2016\/02\/aspectos-tapa.jpg?resize=36%2C36&amp;ssl=1 36w, https:\/\/i0.wp.com\/cna.org.ar\/wp-content\/uploads\/2016\/02\/aspectos-tapa.jpg?zoom=2&amp;resize=150%2C150&amp;ssl=1 300w\" sizes=\"auto, (max-width: 150px) 100vw, 150px\" \/><\/a><figcaption id=\"caption-attachment-4360\" class=\"wp-caption-text\">Nagorno Karabagh. Aspectos Legales<\/figcaption><\/figure>\n<p>&nbsp;<\/p>\n<p>&nbsp;<\/p>\n<p>&nbsp;<\/p>\n<p>&nbsp;<\/p>\n<p>&nbsp;<\/p>\n<p>&nbsp;<\/p>\n<p>&nbsp;<\/p>\n<figure id=\"attachment_4330\" aria-describedby=\"caption-attachment-4330\" style=\"width: 150px\" class=\"wp-caption alignleft\"><a href=\"https:\/\/cna.org.ar\/?p=4362\"><img data-recalc-dims=\"1\" loading=\"lazy\" decoding=\"async\" class=\"wp-image-4330 size-thumbnail\" src=\"https:\/\/i0.wp.com\/cna.org.ar\/wp-content\/uploads\/2016\/02\/geno-sil-tapa.jpg?resize=150%2C150&#038;ssl=1\" alt=\"El Genocidio Silenciado\" width=\"150\" height=\"150\" srcset=\"https:\/\/i0.wp.com\/cna.org.ar\/wp-content\/uploads\/2016\/02\/geno-sil-tapa.jpg?resize=150%2C150&amp;ssl=1 150w, https:\/\/i0.wp.com\/cna.org.ar\/wp-content\/uploads\/2016\/02\/geno-sil-tapa.jpg?resize=36%2C36&amp;ssl=1 36w, https:\/\/i0.wp.com\/cna.org.ar\/wp-content\/uploads\/2016\/02\/geno-sil-tapa.jpg?zoom=2&amp;resize=150%2C150&amp;ssl=1 300w\" sizes=\"auto, (max-width: 150px) 100vw, 150px\" \/><\/a><figcaption id=\"caption-attachment-4330\" class=\"wp-caption-text\">El Genocidio Silenciado<\/figcaption><\/figure>\n<figure id=\"attachment_4334\" aria-describedby=\"caption-attachment-4334\" style=\"width: 150px\" class=\"wp-caption alignleft\"><a href=\"https:\/\/cna.org.ar\/?page_id=4348&amp;preview=true\"><img data-recalc-dims=\"1\" loading=\"lazy\" decoding=\"async\" class=\"size-thumbnail wp-image-4334\" src=\"https:\/\/i0.wp.com\/cna.org.ar\/wp-content\/uploads\/2016\/02\/Proceso-tapa.jpg?resize=150%2C150&#038;ssl=1\" alt=\"Un proceso hist\u00f3rico. Absoluci\u00f3n al ejecutor del genocida turco Talaat Pasha\" width=\"150\" height=\"150\" srcset=\"https:\/\/i0.wp.com\/cna.org.ar\/wp-content\/uploads\/2016\/02\/Proceso-tapa.jpg?resize=150%2C150&amp;ssl=1 150w, https:\/\/i0.wp.com\/cna.org.ar\/wp-content\/uploads\/2016\/02\/Proceso-tapa.jpg?resize=36%2C36&amp;ssl=1 36w, https:\/\/i0.wp.com\/cna.org.ar\/wp-content\/uploads\/2016\/02\/Proceso-tapa.jpg?zoom=2&amp;resize=150%2C150&amp;ssl=1 300w\" sizes=\"auto, (max-width: 150px) 100vw, 150px\" \/><\/a><figcaption id=\"caption-attachment-4334\" class=\"wp-caption-text\">Un proceso hist\u00f3rico. Absoluci\u00f3n al ejecutor del genocida turco Talaat Pasha<\/figcaption><\/figure>\n<figure id=\"attachment_4325\" aria-describedby=\"caption-attachment-4325\" style=\"width: 150px\" class=\"wp-caption alignleft\"><a href=\"https:\/\/cna.org.ar\/?page_id=4321&amp;preview=true\"><img data-recalc-dims=\"1\" loading=\"lazy\" decoding=\"async\" class=\"size-thumbnail wp-image-4325\" src=\"https:\/\/i0.wp.com\/cna.org.ar\/wp-content\/uploads\/2016\/02\/El-derrumbe-del-negacionismo.jpg?resize=150%2C150&#038;ssl=1\" alt=\"El derrumbe del negacionismo. Leandro Despouy, el Informe Whitaker y el aporte argentino al reconocimiento internacional del Genocidio de los armenios\" width=\"150\" height=\"150\" srcset=\"https:\/\/i0.wp.com\/cna.org.ar\/wp-content\/uploads\/2016\/02\/El-derrumbe-del-negacionismo.jpg?resize=150%2C150&amp;ssl=1 150w, https:\/\/i0.wp.com\/cna.org.ar\/wp-content\/uploads\/2016\/02\/El-derrumbe-del-negacionismo.jpg?resize=36%2C36&amp;ssl=1 36w, https:\/\/i0.wp.com\/cna.org.ar\/wp-content\/uploads\/2016\/02\/El-derrumbe-del-negacionismo.jpg?zoom=2&amp;resize=150%2C150&amp;ssl=1 300w, https:\/\/i0.wp.com\/cna.org.ar\/wp-content\/uploads\/2016\/02\/El-derrumbe-del-negacionismo.jpg?zoom=3&amp;resize=150%2C150&amp;ssl=1 450w\" sizes=\"auto, (max-width: 150px) 100vw, 150px\" \/><\/a><figcaption id=\"caption-attachment-4325\" class=\"wp-caption-text\">El derrumbe del negacionismo. Leandro Despouy, el Informe Whitaker y el aporte argentino al reconocimiento internacional del Genocidio de los armenios<\/figcaption><\/figure>\n<figure id=\"attachment_4338\" aria-describedby=\"caption-attachment-4338\" style=\"width: 150px\" class=\"wp-caption alignleft\"><a href=\"https:\/\/cna.org.ar\/?page_id=4346&amp;preview=true\"><img data-recalc-dims=\"1\" loading=\"lazy\" decoding=\"async\" class=\"size-thumbnail wp-image-4338\" src=\"https:\/\/i0.wp.com\/cna.org.ar\/wp-content\/uploads\/2016\/02\/rita-tapa.jpg?resize=150%2C150&#038;ssl=1\" alt=\"El primer genocidio del siglo XX, regreso de la memoria armenia\" width=\"150\" height=\"150\" srcset=\"https:\/\/i0.wp.com\/cna.org.ar\/wp-content\/uploads\/2016\/02\/rita-tapa.jpg?resize=150%2C150&amp;ssl=1 150w, https:\/\/i0.wp.com\/cna.org.ar\/wp-content\/uploads\/2016\/02\/rita-tapa.jpg?resize=36%2C36&amp;ssl=1 36w, https:\/\/i0.wp.com\/cna.org.ar\/wp-content\/uploads\/2016\/02\/rita-tapa.jpg?zoom=2&amp;resize=150%2C150&amp;ssl=1 300w\" sizes=\"auto, (max-width: 150px) 100vw, 150px\" \/><\/a><figcaption id=\"caption-attachment-4338\" class=\"wp-caption-text\">El primer genocidio del siglo XX, regreso de la memoria armenia<\/figcaption><\/figure>\n<p>&nbsp;<\/p>\n<p>&nbsp;<\/p>\n<p>&nbsp;<\/p>\n<p>&nbsp;<\/p>\n<p>&nbsp;<\/p>\n<p>&nbsp;<\/p>\n<p>&nbsp;<\/p>\n<figure id=\"attachment_4343\" aria-describedby=\"caption-attachment-4343\" style=\"width: 150px\" class=\"wp-caption alignleft\"><a href=\"https:\/\/cna.org.ar\/?page_id=4352&amp;preview=true\"><img data-recalc-dims=\"1\" loading=\"lazy\" decoding=\"async\" class=\"size-thumbnail wp-image-4343\" src=\"https:\/\/i0.wp.com\/cna.org.ar\/wp-content\/uploads\/2016\/02\/Zayas-2.jpg?resize=150%2C150&#038;ssl=1\" alt=\"El Genocidio contra los Armenios 1915-1923 y la relevancia de la Convenci\u00f3n de 1948 para la Prevenci\u00f3n y la Sanci\u00f3n del Delito de Genocidio\" width=\"150\" height=\"150\" srcset=\"https:\/\/i0.wp.com\/cna.org.ar\/wp-content\/uploads\/2016\/02\/Zayas-2.jpg?resize=150%2C150&amp;ssl=1 150w, https:\/\/i0.wp.com\/cna.org.ar\/wp-content\/uploads\/2016\/02\/Zayas-2.jpg?resize=36%2C36&amp;ssl=1 36w, https:\/\/i0.wp.com\/cna.org.ar\/wp-content\/uploads\/2016\/02\/Zayas-2.jpg?zoom=2&amp;resize=150%2C150&amp;ssl=1 300w, https:\/\/i0.wp.com\/cna.org.ar\/wp-content\/uploads\/2016\/02\/Zayas-2.jpg?zoom=3&amp;resize=150%2C150&amp;ssl=1 450w\" sizes=\"auto, (max-width: 150px) 100vw, 150px\" \/><\/a><figcaption id=\"caption-attachment-4343\" class=\"wp-caption-text\">El Genocidio contra los Armenios 1915-1923 y la relevancia de la Convenci\u00f3n de 1948 para la Prevenci\u00f3n y la Sanci\u00f3n del Delito de Genocidio<\/figcaption><\/figure>\n<figure id=\"attachment_4582\" aria-describedby=\"caption-attachment-4582\" style=\"width: 150px\" class=\"wp-caption alignleft\"><a href=\"https:\/\/cna.org.ar\/?p=4617\"><img data-recalc-dims=\"1\" loading=\"lazy\" decoding=\"async\" class=\"wp-image-4582 size-thumbnail\" src=\"https:\/\/i0.wp.com\/cna.org.ar\/wp-content\/uploads\/2016\/02\/img157.jpg?resize=150%2C150&#038;ssl=1\" alt=\"img157\" width=\"150\" height=\"150\" srcset=\"https:\/\/i0.wp.com\/cna.org.ar\/wp-content\/uploads\/2016\/02\/img157.jpg?resize=150%2C150&amp;ssl=1 150w, https:\/\/i0.wp.com\/cna.org.ar\/wp-content\/uploads\/2016\/02\/img157.jpg?resize=36%2C36&amp;ssl=1 36w, https:\/\/i0.wp.com\/cna.org.ar\/wp-content\/uploads\/2016\/02\/img157.jpg?zoom=2&amp;resize=150%2C150&amp;ssl=1 300w, https:\/\/i0.wp.com\/cna.org.ar\/wp-content\/uploads\/2016\/02\/img157.jpg?zoom=3&amp;resize=150%2C150&amp;ssl=1 450w\" sizes=\"auto, (max-width: 150px) 100vw, 150px\" \/><\/a><figcaption id=\"caption-attachment-4582\" class=\"wp-caption-text\">Historia de la Federaci\u00f3n Revolucionaria Armenia<\/figcaption><\/figure>\n<p>&nbsp;<\/p>\n<p>&nbsp;<\/p>\n<p>&nbsp;<\/p>\n<p>&nbsp;<\/p>\n<p>&nbsp;<\/p>\n<p>&nbsp;<\/p>\n<p>&nbsp;<\/p>\n<p>&nbsp;<\/p>\n<p>&nbsp;<\/p>\n<figure id=\"attachment_4584\" aria-describedby=\"caption-attachment-4584\" style=\"width: 150px\" class=\"wp-caption alignleft\"><a href=\"https:\/\/cna.org.ar\/?p=4611\"><img data-recalc-dims=\"1\" loading=\"lazy\" decoding=\"async\" class=\"wp-image-4584 size-thumbnail\" src=\"https:\/\/i0.wp.com\/cna.org.ar\/wp-content\/uploads\/2016\/02\/img158.jpg?resize=150%2C150&#038;ssl=1\" alt=\"Un m\u00e9dico estadounidense en Turqu\u00eda\" width=\"150\" height=\"150\" srcset=\"https:\/\/i0.wp.com\/cna.org.ar\/wp-content\/uploads\/2016\/02\/img158.jpg?resize=150%2C150&amp;ssl=1 150w, https:\/\/i0.wp.com\/cna.org.ar\/wp-content\/uploads\/2016\/02\/img158.jpg?resize=36%2C36&amp;ssl=1 36w, https:\/\/i0.wp.com\/cna.org.ar\/wp-content\/uploads\/2016\/02\/img158.jpg?zoom=2&amp;resize=150%2C150&amp;ssl=1 300w, https:\/\/i0.wp.com\/cna.org.ar\/wp-content\/uploads\/2016\/02\/img158.jpg?zoom=3&amp;resize=150%2C150&amp;ssl=1 450w\" sizes=\"auto, (max-width: 150px) 100vw, 150px\" \/><\/a><figcaption id=\"caption-attachment-4584\" class=\"wp-caption-text\">Un m\u00e9dico estadounidense en Turqu\u00eda<\/figcaption><\/figure>\n<figure id=\"attachment_4588\" aria-describedby=\"caption-attachment-4588\" style=\"width: 150px\" class=\"wp-caption alignleft\"><a href=\"https:\/\/cna.org.ar\/?p=4606\"><img data-recalc-dims=\"1\" loading=\"lazy\" decoding=\"async\" class=\"wp-image-4588 size-thumbnail\" src=\"https:\/\/i0.wp.com\/cna.org.ar\/wp-content\/uploads\/2016\/02\/img163.jpg?resize=150%2C150&#038;ssl=1\" alt=\"img163\" width=\"150\" height=\"150\" srcset=\"https:\/\/i0.wp.com\/cna.org.ar\/wp-content\/uploads\/2016\/02\/img163.jpg?resize=150%2C150&amp;ssl=1 150w, https:\/\/i0.wp.com\/cna.org.ar\/wp-content\/uploads\/2016\/02\/img163.jpg?resize=36%2C36&amp;ssl=1 36w, https:\/\/i0.wp.com\/cna.org.ar\/wp-content\/uploads\/2016\/02\/img163.jpg?zoom=2&amp;resize=150%2C150&amp;ssl=1 300w, https:\/\/i0.wp.com\/cna.org.ar\/wp-content\/uploads\/2016\/02\/img163.jpg?zoom=3&amp;resize=150%2C150&amp;ssl=1 450w\" sizes=\"auto, (max-width: 150px) 100vw, 150px\" \/><\/a><figcaption id=\"caption-attachment-4588\" class=\"wp-caption-text\">Istor Revista de Historia Internacional \u00abArmenia, una historia\u00bb<\/figcaption><\/figure>\n<figure id=\"attachment_4592\" aria-describedby=\"caption-attachment-4592\" style=\"width: 150px\" class=\"wp-caption alignleft\"><a href=\"https:\/\/cna.org.ar\/index.php\/al-filo-de-la-muerte-las-memorias-de-hampartzoum-mardiros-chitjian-sobreviviente-del-genocidio-armenio\/\"><img data-recalc-dims=\"1\" loading=\"lazy\" decoding=\"async\" class=\"wp-image-4592 size-thumbnail\" src=\"https:\/\/i0.wp.com\/cna.org.ar\/wp-content\/uploads\/2016\/03\/memorias-tapa.png?resize=150%2C150&#038;ssl=1\" alt=\"Al filo de la muerte. Las memorias de Hampartzoum Mardiros Chitjian\" width=\"150\" height=\"150\" srcset=\"https:\/\/i0.wp.com\/cna.org.ar\/wp-content\/uploads\/2016\/03\/memorias-tapa.png?resize=150%2C150&amp;ssl=1 150w, https:\/\/i0.wp.com\/cna.org.ar\/wp-content\/uploads\/2016\/03\/memorias-tapa.png?resize=36%2C36&amp;ssl=1 36w, https:\/\/i0.wp.com\/cna.org.ar\/wp-content\/uploads\/2016\/03\/memorias-tapa.png?zoom=2&amp;resize=150%2C150&amp;ssl=1 300w, https:\/\/i0.wp.com\/cna.org.ar\/wp-content\/uploads\/2016\/03\/memorias-tapa.png?zoom=3&amp;resize=150%2C150&amp;ssl=1 450w\" sizes=\"auto, (max-width: 150px) 100vw, 150px\" \/><\/a><figcaption id=\"caption-attachment-4592\" class=\"wp-caption-text\">Al filo de la muerte. Las memorias de Hampartzoum Mardiros Chitjian<\/figcaption><\/figure>\n<p>&nbsp;<\/p>\n<p>&nbsp;<\/p>\n<p>&nbsp;<\/p>\n<p>&nbsp;<\/p>\n<p>&nbsp;<\/p>\n<p>&nbsp;<\/p>\n<p>&nbsp;<\/p>\n<figure id=\"attachment_4328\" aria-describedby=\"caption-attachment-4328\" style=\"width: 150px\" class=\"wp-caption alignleft\"><a href=\"https:\/\/cna.org.ar\/?p=4366\"><img data-recalc-dims=\"1\" loading=\"lazy\" decoding=\"async\" class=\"wp-image-4328 size-thumbnail\" src=\"https:\/\/i0.wp.com\/cna.org.ar\/wp-content\/uploads\/2016\/02\/fethullah-tapa.jpg?resize=150%2C150&#038;ssl=1\" alt=\"fethullah tapa\" width=\"150\" height=\"150\" srcset=\"https:\/\/i0.wp.com\/cna.org.ar\/wp-content\/uploads\/2016\/02\/fethullah-tapa.jpg?resize=150%2C150&amp;ssl=1 150w, https:\/\/i0.wp.com\/cna.org.ar\/wp-content\/uploads\/2016\/02\/fethullah-tapa.jpg?resize=36%2C36&amp;ssl=1 36w, https:\/\/i0.wp.com\/cna.org.ar\/wp-content\/uploads\/2016\/02\/fethullah-tapa.jpg?zoom=2&amp;resize=150%2C150&amp;ssl=1 300w, https:\/\/i0.wp.com\/cna.org.ar\/wp-content\/uploads\/2016\/02\/fethullah-tapa.jpg?zoom=3&amp;resize=150%2C150&amp;ssl=1 450w\" sizes=\"auto, (max-width: 150px) 100vw, 150px\" \/><\/a><figcaption id=\"caption-attachment-4328\" class=\"wp-caption-text\">Fethullah G\u00fclen<\/figcaption><\/figure>\n<p>&nbsp;<\/p>\n<p>&nbsp;<\/p>\n<p>&nbsp;<\/p>\n<p>&nbsp;<\/p>\n<p>&nbsp;<\/p>\n<p>&nbsp;<\/p>\n<p>Para m\u00e1s informaci\u00f3n: consultas@cna.org.ar<\/p>\n","protected":false},"excerpt":{"rendered":"<p>&nbsp; &nbsp; &nbsp; &nbsp; &nbsp; &nbsp; &nbsp; &nbsp; &nbsp; &nbsp; &nbsp; &nbsp; &nbsp; &nbsp; &nbsp; &nbsp; &nbsp; &nbsp; &nbsp; &nbsp; &nbsp; &nbsp; &nbsp; &nbsp; &nbsp; &nbsp; &nbsp; &nbsp; &nbsp; &nbsp; &nbsp; &nbsp; &nbsp; &nbsp; &nbsp; &nbsp; Para m\u00e1s informaci\u00f3n: consultas@cna.org.ar<\/p>\n","protected":false},"author":1,"featured_media":4641,"parent":0,"menu_order":0,"comment_status":"closed","ping_status":"closed","template":"","meta":{"site-sidebar-layout":"default","site-content-layout":"","ast-site-content-layout":"default","site-content-style":"default","site-sidebar-style":"default","ast-global-header-display":"","ast-banner-title-visibility":"","ast-main-header-display":"","ast-hfb-above-header-display":"","ast-hfb-below-header-display":"","ast-hfb-mobile-header-display":"","site-post-title":"","ast-breadcrumbs-content":"","ast-featured-img":"","footer-sml-layout":"","theme-transparent-header-meta":"","adv-header-id-meta":"","stick-header-meta":"","header-above-stick-meta":"","header-main-stick-meta":"","header-below-stick-meta":"","astra-migrate-meta-layouts":"default","ast-page-background-enabled":"default","ast-page-background-meta":{"desktop":{"background-color":"var(--ast-global-color-4)","background-image":"","background-repeat":"repeat","background-position":"center center","background-size":"auto","background-attachment":"scroll","background-type":"","background-media":"","overlay-type":"","overlay-color":"","overlay-opacity":"","overlay-gradient":""},"tablet":{"background-color":"","background-image":"","background-repeat":"repeat","background-position":"center center","background-size":"auto","background-attachment":"scroll","background-type":"","background-media":"","overlay-type":"","overlay-color":"","overlay-opacity":"","overlay-gradient":""},"mobile":{"background-color":"","background-image":"","background-repeat":"repeat","background-position":"center center","background-size":"auto","background-attachment":"scroll","background-type":"","background-media":"","overlay-type":"","overlay-color":"","overlay-opacity":"","overlay-gradient":""}},"ast-content-background-meta":{"desktop":{"background-color":"var(--ast-global-color-5)","background-image":"","background-repeat":"repeat","background-position":"center center","background-size":"auto","background-attachment":"scroll","background-type":"","background-media":"","overlay-type":"","overlay-color":"","overlay-opacity":"","overlay-gradient":""},"tablet":{"background-color":"var(--ast-global-color-5)","background-image":"","background-repeat":"repeat","background-position":"center center","background-size":"auto","background-attachment":"scroll","background-type":"","background-media":"","overlay-type":"","overlay-color":"","overlay-opacity":"","overlay-gradient":""},"mobile":{"background-color":"var(--ast-global-color-5)","background-image":"","background-repeat":"repeat","background-position":"center center","background-size":"auto","background-attachment":"scroll","background-type":"","background-media":"","overlay-type":"","overlay-color":"","overlay-opacity":"","overlay-gradient":""}},"footnotes":""},"class_list":["post-4368","page","type-page","status-publish","has-post-thumbnail","hentry"],"jetpack_sharing_enabled":true,"_links":{"self":[{"href":"https:\/\/cna.org.ar\/index.php\/wp-json\/wp\/v2\/pages\/4368","targetHints":{"allow":["GET"]}}],"collection":[{"href":"https:\/\/cna.org.ar\/index.php\/wp-json\/wp\/v2\/pages"}],"about":[{"href":"https:\/\/cna.org.ar\/index.php\/wp-json\/wp\/v2\/types\/page"}],"author":[{"embeddable":true,"href":"https:\/\/cna.org.ar\/index.php\/wp-json\/wp\/v2\/users\/1"}],"replies":[{"embeddable":true,"href":"https:\/\/cna.org.ar\/index.php\/wp-json\/wp\/v2\/comments?post=4368"}],"version-history":[{"count":13,"href":"https:\/\/cna.org.ar\/index.php\/wp-json\/wp\/v2\/pages\/4368\/revisions"}],"predecessor-version":[{"id":4922,"href":"https:\/\/cna.org.ar\/index.php\/wp-json\/wp\/v2\/pages\/4368\/revisions\/4922"}],"wp:featuredmedia":[{"embeddable":true,"href":"https:\/\/cna.org.ar\/index.php\/wp-json\/wp\/v2\/media\/4641"}],"wp:attachment":[{"href":"https:\/\/cna.org.ar\/index.php\/wp-json\/wp\/v2\/media?parent=4368"}],"curies":[{"name":"wp","href":"https:\/\/api.w.org\/{rel}","templated":true}]}}