{"id":4606,"date":"2016-03-17T16:48:53","date_gmt":"2016-03-17T16:48:53","guid":{"rendered":"http:\/\/cna.org.ar\/?page_id=4606"},"modified":"2016-03-17T17:33:55","modified_gmt":"2016-03-17T17:33:55","slug":"istor-revista-de-historia-internacional-armenia-una-historia","status":"publish","type":"page","link":"https:\/\/cna.org.ar\/index.php\/istor-revista-de-historia-internacional-armenia-una-historia\/","title":{"rendered":"Istor Revista de historia Internacional. Armenia, una historia"},"content":{"rendered":"<p><img data-recalc-dims=\"1\" loading=\"lazy\" decoding=\"async\" class=\"alignleft wp-image-4589 size-medium\" src=\"https:\/\/i0.wp.com\/cna.org.ar\/wp-content\/uploads\/2016\/03\/img163.jpg?resize=203%2C300&#038;ssl=1\" alt=\"img163\" width=\"203\" height=\"300\" srcset=\"https:\/\/i0.wp.com\/cna.org.ar\/wp-content\/uploads\/2016\/03\/img163.jpg?resize=203%2C300&amp;ssl=1 203w, https:\/\/i0.wp.com\/cna.org.ar\/wp-content\/uploads\/2016\/03\/img163.jpg?resize=692%2C1024&amp;ssl=1 692w, https:\/\/i0.wp.com\/cna.org.ar\/wp-content\/uploads\/2016\/03\/img163.jpg?resize=236%2C350&amp;ssl=1 236w, https:\/\/i0.wp.com\/cna.org.ar\/wp-content\/uploads\/2016\/03\/img163.jpg?w=2000&amp;ssl=1 2000w, https:\/\/i0.wp.com\/cna.org.ar\/wp-content\/uploads\/2016\/03\/img163.jpg?w=3000&amp;ssl=1 3000w\" sizes=\"auto, (max-width: 203px) 100vw, 203px\" \/><\/p>\n<p>&nbsp;<\/p>\n<p>&nbsp;<\/p>\n<p>&nbsp;<\/p>\n<p>&nbsp;<\/p>\n<p>&nbsp;<\/p>\n<p>&nbsp;<\/p>\n<p>&nbsp;<\/p>\n<p><strong>Antaramian, Carlos (coordinador); Antaramian Horman, Hazel; Antaramian, Richard; Aslanian, Sebouh D.; Bakhchinyan, Artsvi; Baribian, S\u00e9vane; M\u00fcge G\u00f6\u00e7ek, Fatma; Hovannisian, Richard G.; Matiossian, Vart\u00e1n: Mutafian, Claude; Sarukhan, Jos\u00e9; Toktamis, Kumru; Vartabedian, Andr\u00e9s; \u00dcmit \u00dcng\u00f6r, Ugur. \u00abIstor Revista de historia Internacional. Armenia, una historia\u00bb. CIDE, M\u00e9xico, A\u00f1o XV, n\u00famero 62, oto\u00f1o de 2015<\/strong><\/p>\n<p><span style=\"text-decoration: underline;\"><em><a href=\"https:\/\/cna.org.ar\/index.php\/biblioteca-del-cna\/\">Volver a la p\u00e1gina anterior<\/a><\/em><\/span><\/p>\n","protected":false},"excerpt":{"rendered":"<p>&nbsp; &nbsp; &nbsp; &nbsp; &nbsp; &nbsp; &nbsp; Antaramian, Carlos (coordinador); Antaramian Horman, Hazel; Antaramian, Richard; Aslanian, Sebouh D.; Bakhchinyan, Artsvi; Baribian, S\u00e9vane; M\u00fcge G\u00f6\u00e7ek, Fatma; Hovannisian, Richard G.; Matiossian, Vart\u00e1n: Mutafian, Claude; Sarukhan, Jos\u00e9; Toktamis, Kumru; Vartabedian, Andr\u00e9s; \u00dcmit \u00dcng\u00f6r, Ugur. \u00abIstor Revista de historia Internacional. Armenia, una historia\u00bb. CIDE, M\u00e9xico, A\u00f1o XV, n\u00famero 62, [&hellip;]<\/p>\n","protected":false},"author":1,"featured_media":0,"parent":0,"menu_order":0,"comment_status":"closed","ping_status":"closed","template":"","meta":{"site-sidebar-layout":"default","site-content-layout":"","ast-site-content-layout":"default","site-content-style":"default","site-sidebar-style":"default","ast-global-header-display":"","ast-banner-title-visibility":"","ast-main-header-display":"","ast-hfb-above-header-display":"","ast-hfb-below-header-display":"","ast-hfb-mobile-header-display":"","site-post-title":"","ast-breadcrumbs-content":"","ast-featured-img":"","footer-sml-layout":"","theme-transparent-header-meta":"","adv-header-id-meta":"","stick-header-meta":"","header-above-stick-meta":"","header-main-stick-meta":"","header-below-stick-meta":"","astra-migrate-meta-layouts":"default","ast-page-background-enabled":"default","ast-page-background-meta":{"desktop":{"background-color":"var(--ast-global-color-4)","background-image":"","background-repeat":"repeat","background-position":"center center","background-size":"auto","background-attachment":"scroll","background-type":"","background-media":"","overlay-type":"","overlay-color":"","overlay-opacity":"","overlay-gradient":""},"tablet":{"background-color":"","background-image":"","background-repeat":"repeat","background-position":"center center","background-size":"auto","background-attachment":"scroll","background-type":"","background-media":"","overlay-type":"","overlay-color":"","overlay-opacity":"","overlay-gradient":""},"mobile":{"background-color":"","background-image":"","background-repeat":"repeat","background-position":"center center","background-size":"auto","background-attachment":"scroll","background-type":"","background-media":"","overlay-type":"","overlay-color":"","overlay-opacity":"","overlay-gradient":""}},"ast-content-background-meta":{"desktop":{"background-color":"var(--ast-global-color-5)","background-image":"","background-repeat":"repeat","background-position":"center center","background-size":"auto","background-attachment":"scroll","background-type":"","background-media":"","overlay-type":"","overlay-color":"","overlay-opacity":"","overlay-gradient":""},"tablet":{"background-color":"var(--ast-global-color-5)","background-image":"","background-repeat":"repeat","background-position":"center center","background-size":"auto","background-attachment":"scroll","background-type":"","background-media":"","overlay-type":"","overlay-color":"","overlay-opacity":"","overlay-gradient":""},"mobile":{"background-color":"var(--ast-global-color-5)","background-image":"","background-repeat":"repeat","background-position":"center center","background-size":"auto","background-attachment":"scroll","background-type":"","background-media":"","overlay-type":"","overlay-color":"","overlay-opacity":"","overlay-gradient":""}},"footnotes":""},"class_list":["post-4606","page","type-page","status-publish","hentry"],"jetpack_sharing_enabled":true,"_links":{"self":[{"href":"https:\/\/cna.org.ar\/index.php\/wp-json\/wp\/v2\/pages\/4606","targetHints":{"allow":["GET"]}}],"collection":[{"href":"https:\/\/cna.org.ar\/index.php\/wp-json\/wp\/v2\/pages"}],"about":[{"href":"https:\/\/cna.org.ar\/index.php\/wp-json\/wp\/v2\/types\/page"}],"author":[{"embeddable":true,"href":"https:\/\/cna.org.ar\/index.php\/wp-json\/wp\/v2\/users\/1"}],"replies":[{"embeddable":true,"href":"https:\/\/cna.org.ar\/index.php\/wp-json\/wp\/v2\/comments?post=4606"}],"version-history":[{"count":2,"href":"https:\/\/cna.org.ar\/index.php\/wp-json\/wp\/v2\/pages\/4606\/revisions"}],"predecessor-version":[{"id":4629,"href":"https:\/\/cna.org.ar\/index.php\/wp-json\/wp\/v2\/pages\/4606\/revisions\/4629"}],"wp:attachment":[{"href":"https:\/\/cna.org.ar\/index.php\/wp-json\/wp\/v2\/media?parent=4606"}],"curies":[{"name":"wp","href":"https:\/\/api.w.org\/{rel}","templated":true}]}}