{"id":4611,"date":"2016-03-17T17:10:52","date_gmt":"2016-03-17T17:10:52","guid":{"rendered":"http:\/\/cna.org.ar\/?page_id=4611"},"modified":"2016-03-17T17:35:07","modified_gmt":"2016-03-17T17:35:07","slug":"4611-2","status":"publish","type":"page","link":"https:\/\/cna.org.ar\/index.php\/4611-2\/","title":{"rendered":"Un m\u00e9dico estadounidense en Turqu\u00eda"},"content":{"rendered":"<p><img data-recalc-dims=\"1\" loading=\"lazy\" decoding=\"async\" class=\"alignleft wp-image-4584 size-medium\" src=\"https:\/\/i0.wp.com\/cna.org.ar\/wp-content\/uploads\/2016\/02\/img158.jpg?resize=202%2C300&#038;ssl=1\" alt=\"Un m\u00e9dico estadounidense en Turqu\u00eda\" width=\"202\" height=\"300\" srcset=\"https:\/\/i0.wp.com\/cna.org.ar\/wp-content\/uploads\/2016\/02\/img158.jpg?resize=202%2C300&amp;ssl=1 202w, https:\/\/i0.wp.com\/cna.org.ar\/wp-content\/uploads\/2016\/02\/img158.jpg?resize=690%2C1024&amp;ssl=1 690w, https:\/\/i0.wp.com\/cna.org.ar\/wp-content\/uploads\/2016\/02\/img158.jpg?resize=236%2C350&amp;ssl=1 236w, https:\/\/i0.wp.com\/cna.org.ar\/wp-content\/uploads\/2016\/02\/img158.jpg?w=2000&amp;ssl=1 2000w, https:\/\/i0.wp.com\/cna.org.ar\/wp-content\/uploads\/2016\/02\/img158.jpg?w=3000&amp;ssl=1 3000w\" sizes=\"auto, (max-width: 202px) 100vw, 202px\" \/><img data-recalc-dims=\"1\" loading=\"lazy\" decoding=\"async\" class=\"alignleft wp-image-4585 size-medium\" src=\"https:\/\/i0.wp.com\/cna.org.ar\/wp-content\/uploads\/2016\/02\/img159.jpg?resize=199%2C300&#038;ssl=1\" alt=\"img159\" width=\"199\" height=\"300\" srcset=\"https:\/\/i0.wp.com\/cna.org.ar\/wp-content\/uploads\/2016\/02\/img159.jpg?resize=199%2C300&amp;ssl=1 199w, https:\/\/i0.wp.com\/cna.org.ar\/wp-content\/uploads\/2016\/02\/img159.jpg?resize=678%2C1024&amp;ssl=1 678w, https:\/\/i0.wp.com\/cna.org.ar\/wp-content\/uploads\/2016\/02\/img159.jpg?resize=232%2C350&amp;ssl=1 232w, https:\/\/i0.wp.com\/cna.org.ar\/wp-content\/uploads\/2016\/02\/img159.jpg?w=2000&amp;ssl=1 2000w, https:\/\/i0.wp.com\/cna.org.ar\/wp-content\/uploads\/2016\/02\/img159.jpg?w=3000&amp;ssl=1 3000w\" sizes=\"auto, (max-width: 199px) 100vw, 199px\" \/><\/p>\n<p>&nbsp;<\/p>\n<p>&nbsp;<\/p>\n<p>&nbsp;<\/p>\n<p>&nbsp;<\/p>\n<p>&nbsp;<\/p>\n<p>&nbsp;<\/p>\n<p>&nbsp;<\/p>\n<p>&nbsp;<\/p>\n<p><strong>Ussher, Clarence D. \u00abUn m\u00e9dico estadounidense en Turqu\u00eda\u00bb. Editorial Diario Armenia, Buenos Aires, 2014<\/strong><\/p>\n<p>\u201cEl genocidio turco pretendi\u00f3 que la nacionalidad armenia se derritiera y cediera paso a la nueva nacionalidad turca: destruy\u00f3 partes irreparables de la cultura de la Humanidad, su acervo espiritual, provoc\u00f3 la distorsi\u00f3n psicosocial en los refugiados, y est\u00e1 en contumacia ante la opini\u00f3n p\u00fablica universal que la emplaza a rendir cuenta de su crimen\u201d<\/p>\n<p>Pr\u00f3logo del Dr. Pascual Ohanian al libro \u201cAlemania y Armenia 1914 1918. Compilaci\u00f3n de Actas Diplom\u00e1ticas!, del Pastor Johannes Lepsius, de nacionalidad alemana.<\/p>\n<p>El Doctor Ussher fue testigo presencial y v\u00edctima del genocidio de los armenios planificado antes del comienzo de la Gran Guerra iniciada en 1914, en el mundo absurdo que les toc\u00f3 vivir a nuestros antepasados.<\/p>\n<p>En octubre de 1910, en un c\u00f3nclave celebrado en Sal\u00f3nica, Talaat Pash\u00e1, Ministro del Interior, inform\u00f3 que el gobierno hab\u00eda decidido el exterminio de los \u201cinfieles\u201d residentes del Imperio Otomano. Las autoridades prepararon un plan con vers\u00edculos ateos ajenos al Cor\u00e1n y al Islam. Matar en el nombre de Dios es el m\u00e1s inexcusable de todos los cr\u00edmenes.<\/p>\n<p>El distractor tel\u00f3n de fondo de la Gran Guerra fue el perfecto disparador para el desarrollo de ese plan que con breves intervalos se extendi\u00f3 desde abril de 1915 hasta 1923.<\/p>\n<p>El lector podr\u00e1 emocionarse con la vocaci\u00f3n y sacrificio de muchos hombres y mujeres que dedicaron sus vidas para proteger a los armenios; incluso turcos que resistieron al plan genocida con perjuicio de sus bienes, condici\u00f3n social y a\u00fan la p\u00e9rdida de sus vidas.<\/p>\n<p>\u201cTambi\u00e9n murieron muchos soldados turcos\u201d, dicen algunos. Es verdad. Turqu\u00eda entr\u00f3 en la guerra en noviembre de 1914. Sus soldados murieron durante la guerra contra Francia, Inglaterra, Rusia, Italia y los \u00c1rabes. Estados Unidos se incorpor\u00f3 a partir de abril de 1917. Los criminales y negacionistas conviven con la misma impostura.<\/p>\n<p>Al t\u00e9rmino de la guerra, Ussher regres\u00f3 en 1919 a Turqu\u00eda que se hab\u00eda rendido en octubre de 1918. Las nuevas autoridades turcas iniciaron los juicios son severas condenas a sus propios criminales de guerra. Algunos alcanzaron a huir. Sin embargo, pronto se desvanecieron las esperanzas mencionadas en el \u00faltimo cap\u00edtulo de su libro. Turqu\u00eda ten\u00eda una ubicaci\u00f3n estrat\u00e9gica como barrera contra Rusia. Por \u201cRazones de Estado\u201d y la moral del bolsillo de las potencias victoriosas, los cr\u00edmenes de guerra y las masacres de armenios, sirios y coptos cristianos y las promesas de preguerra, en la postguerra pasaron a ocupar un lejano espacio en la tierra del olvido.<\/p>\n<p>Este libro conmovedor fue escrito por Ussher en el a\u00f1o 1917, con los recuerdos frescos de los acontecimientos. No es s\u00f3lo un libro de historia, sino un minucioso documento que nos recuerda la ilimitada capacidad destructiva del mal, pero simult\u00e1neamente el hero\u00edsmo del pueblo armenio, de algunos turcos y kurdos, de los misioneros; hombres y mujeres que entregaron sus vidas para servir a sus semejantes, y obedecer el mandato de Jesucristo de ser testigos del Evangelio hasta lo \u00faltimo de la tierra.<\/p>\n<p>Dr. Eduarrdo Bedrossian<\/p>\n<p>\u201cCuando un hombre no es perseguido por sus creencias, no resulta f\u00e1cil saber lo que cree\u201d Jean Guitton<\/p>\n<p><span style=\"text-decoration: underline;\"><em><a href=\"https:\/\/cna.org.ar\/index.php\/biblioteca-del-cna\/\">Volver a la p\u00e1gina anterior<\/a><\/em><\/span><\/p>\n","protected":false},"excerpt":{"rendered":"<p>&nbsp; &nbsp; &nbsp; &nbsp; &nbsp; &nbsp; &nbsp; &nbsp; Ussher, Clarence D. \u00abUn m\u00e9dico estadounidense en Turqu\u00eda\u00bb. Editorial Diario Armenia, Buenos Aires, 2014 \u201cEl genocidio turco pretendi\u00f3 que la nacionalidad armenia se derritiera y cediera paso a la nueva nacionalidad turca: destruy\u00f3 partes irreparables de la cultura de la Humanidad, su acervo espiritual, provoc\u00f3 la distorsi\u00f3n [&hellip;]<\/p>\n","protected":false},"author":1,"featured_media":0,"parent":0,"menu_order":0,"comment_status":"closed","ping_status":"closed","template":"","meta":{"site-sidebar-layout":"default","site-content-layout":"","ast-site-content-layout":"default","site-content-style":"default","site-sidebar-style":"default","ast-global-header-display":"","ast-banner-title-visibility":"","ast-main-header-display":"","ast-hfb-above-header-display":"","ast-hfb-below-header-display":"","ast-hfb-mobile-header-display":"","site-post-title":"","ast-breadcrumbs-content":"","ast-featured-img":"","footer-sml-layout":"","theme-transparent-header-meta":"","adv-header-id-meta":"","stick-header-meta":"","header-above-stick-meta":"","header-main-stick-meta":"","header-below-stick-meta":"","astra-migrate-meta-layouts":"default","ast-page-background-enabled":"default","ast-page-background-meta":{"desktop":{"background-color":"var(--ast-global-color-4)","background-image":"","background-repeat":"repeat","background-position":"center center","background-size":"auto","background-attachment":"scroll","background-type":"","background-media":"","overlay-type":"","overlay-color":"","overlay-opacity":"","overlay-gradient":""},"tablet":{"background-color":"","background-image":"","background-repeat":"repeat","background-position":"center center","background-size":"auto","background-attachment":"scroll","background-type":"","background-media":"","overlay-type":"","overlay-color":"","overlay-opacity":"","overlay-gradient":""},"mobile":{"background-color":"","background-image":"","background-repeat":"repeat","background-position":"center center","background-size":"auto","background-attachment":"scroll","background-type":"","background-media":"","overlay-type":"","overlay-color":"","overlay-opacity":"","overlay-gradient":""}},"ast-content-background-meta":{"desktop":{"background-color":"var(--ast-global-color-5)","background-image":"","background-repeat":"repeat","background-position":"center center","background-size":"auto","background-attachment":"scroll","background-type":"","background-media":"","overlay-type":"","overlay-color":"","overlay-opacity":"","overlay-gradient":""},"tablet":{"background-color":"var(--ast-global-color-5)","background-image":"","background-repeat":"repeat","background-position":"center center","background-size":"auto","background-attachment":"scroll","background-type":"","background-media":"","overlay-type":"","overlay-color":"","overlay-opacity":"","overlay-gradient":""},"mobile":{"background-color":"var(--ast-global-color-5)","background-image":"","background-repeat":"repeat","background-position":"center center","background-size":"auto","background-attachment":"scroll","background-type":"","background-media":"","overlay-type":"","overlay-color":"","overlay-opacity":"","overlay-gradient":""}},"footnotes":""},"class_list":["post-4611","page","type-page","status-publish","hentry"],"jetpack_sharing_enabled":true,"_links":{"self":[{"href":"https:\/\/cna.org.ar\/index.php\/wp-json\/wp\/v2\/pages\/4611","targetHints":{"allow":["GET"]}}],"collection":[{"href":"https:\/\/cna.org.ar\/index.php\/wp-json\/wp\/v2\/pages"}],"about":[{"href":"https:\/\/cna.org.ar\/index.php\/wp-json\/wp\/v2\/types\/page"}],"author":[{"embeddable":true,"href":"https:\/\/cna.org.ar\/index.php\/wp-json\/wp\/v2\/users\/1"}],"replies":[{"embeddable":true,"href":"https:\/\/cna.org.ar\/index.php\/wp-json\/wp\/v2\/comments?post=4611"}],"version-history":[{"count":4,"href":"https:\/\/cna.org.ar\/index.php\/wp-json\/wp\/v2\/pages\/4611\/revisions"}],"predecessor-version":[{"id":4633,"href":"https:\/\/cna.org.ar\/index.php\/wp-json\/wp\/v2\/pages\/4611\/revisions\/4633"}],"wp:attachment":[{"href":"https:\/\/cna.org.ar\/index.php\/wp-json\/wp\/v2\/media?parent=4611"}],"curies":[{"name":"wp","href":"https:\/\/api.w.org\/{rel}","templated":true}]}}